{"id":252,"date":"2024-06-03T11:38:03","date_gmt":"2024-06-03T09:38:03","guid":{"rendered":"https:\/\/gombalampasok.hu\/about\/"},"modified":"2025-11-13T20:30:11","modified_gmt":"2025-11-13T19:30:11","slug":"about","status":"publish","type":"page","link":"https:\/\/gombalampas.com\/en\/about\/","title":{"rendered":"About"},"content":{"rendered":"<div data-elementor-type=\"wp-page\" data-elementor-id=\"252\" class=\"elementor elementor-252\">\n\t\t\t\t<div class=\"elementor-element elementor-element-d98598e e-flex e-con-boxed e-con e-parent\" data-id=\"d98598e\" data-element_type=\"container\" data-settings=\"{&quot;background_background&quot;:&quot;classic&quot;}\">\n\t\t\t\t\t<div class=\"e-con-inner\">\n\t\t<div class=\"elementor-element elementor-element-8e35f02 e-con-full e-flex e-con e-child\" data-id=\"8e35f02\" data-element_type=\"container\">\n\t\t<div class=\"elementor-element elementor-element-dc8a5d1 e-con-full e-flex e-con e-child\" data-id=\"dc8a5d1\" data-element_type=\"container\">\n\t\t<div class=\"elementor-element elementor-element-456a062 e-con-full e-flex e-con e-child\" data-id=\"456a062\" data-element_type=\"container\">\n\t\t\t\t<div class=\"elementor-element elementor-element-2c153d6 elementor-widget elementor-widget-heading\" data-id=\"2c153d6\" data-element_type=\"widget\" data-widget_type=\"heading.default\">\n\t\t\t\t<div class=\"elementor-widget-container\">\n\t\t\t\t\t<h1 class=\"elementor-heading-title elementor-size-default\">Me and the Gombal\u00e1mp\u00e1s<\/h1>\t\t\t\t<\/div>\n\t\t\t\t<\/div>\n\t\t\t\t<\/div>\n\t\t\t\t<\/div>\n\t\t<div class=\"elementor-element elementor-element-e4cd48d e-con-full e-flex e-con e-child\" data-id=\"e4cd48d\" data-element_type=\"container\">\n\t\t<div class=\"elementor-element elementor-element-2dd0a9e e-con-full e-flex e-con e-child\" data-id=\"2dd0a9e\" data-element_type=\"container\">\n\t\t\t\t<div class=\"elementor-element elementor-element-e4df5e8 elementor-widget elementor-widget-image\" data-id=\"e4df5e8\" data-element_type=\"widget\" data-widget_type=\"image.default\">\n\t\t\t\t<div class=\"elementor-widget-container\">\n\t\t\t\t\t\t\t\t\t\t\t\t\t\t\t<img fetchpriority=\"high\" decoding=\"async\" width=\"819\" height=\"1024\" src=\"https:\/\/gombalampas.com\/wp-content\/uploads\/2024\/06\/hanna_rolam-819x1024.jpeg\" class=\"attachment-large size-large wp-image-1576\" alt=\"\" srcset=\"https:\/\/gombalampas.com\/wp-content\/uploads\/2024\/06\/hanna_rolam-819x1024.jpeg 819w, https:\/\/gombalampas.com\/wp-content\/uploads\/2024\/06\/hanna_rolam-240x300.jpeg 240w, https:\/\/gombalampas.com\/wp-content\/uploads\/2024\/06\/hanna_rolam-768x960.jpeg 768w, https:\/\/gombalampas.com\/wp-content\/uploads\/2024\/06\/hanna_rolam-1229x1536.jpeg 1229w, https:\/\/gombalampas.com\/wp-content\/uploads\/2024\/06\/hanna_rolam-600x750.jpeg 600w, https:\/\/gombalampas.com\/wp-content\/uploads\/2024\/06\/hanna_rolam.jpeg 1440w\" sizes=\"(max-width: 819px) 100vw, 819px\" \/>\t\t\t\t\t\t\t\t\t\t\t\t\t\t\t<\/div>\n\t\t\t\t<\/div>\n\t\t\t\t<\/div>\n\t\t<div class=\"elementor-element elementor-element-a9c5396 e-con-full e-flex e-con e-child\" data-id=\"a9c5396\" data-element_type=\"container\">\n\t\t\t\t<div class=\"elementor-element elementor-element-7167cdd elementor-widget elementor-widget-text-editor\" data-id=\"7167cdd\" data-element_type=\"widget\" data-widget_type=\"text-editor.default\">\n\t\t\t\t<div class=\"elementor-widget-container\">\n\t\t\t\t\t\t\t\t\t<p>\u00a0<\/p><p>I\u2019m Hanna, I\u2019m 21 years old, and I\u2019ve been creating my Mushroom Lamps since 2022.<\/p>\t\t\t\t\t\t\t\t<\/div>\n\t\t\t\t<\/div>\n\t\t\t\t<div class=\"elementor-element elementor-element-fa697a4 elementor-widget elementor-widget-text-editor\" data-id=\"fa697a4\" data-element_type=\"widget\" data-widget_type=\"text-editor.default\">\n\t\t\t\t<div class=\"elementor-widget-container\">\n\t\t\t\t\t\t\t\t\t<div dir=\"auto\">All of my lamps are completely handmade. Each mushroom is shaped individually, without molds. Every piece is surrounded by real moss and placed on real wood.<br \/>In the beginning, I made the lamps alongside my high school studies, and after successfully graduating, I decided two summers ago to dedicate an entire year solely to Mushroom Lamps. In less than a year, I made several hundred lamps for custom orders and for markets. Since then, the business has grown, and now my family and a few wonderful, hardworking hands help me with the work.<br \/>Fortunately, my lamps always find loving new homes, which makes me very happy. At this point, at least one of my Mushroom Lamps is present on every continent, and I\u2019ve had the chance to decorate many beautiful places with my creations.<\/div><div dir=\"auto\"><div dir=\"auto\">I constantly strive to give my best, I\u2019m never satisfied with \u201cgood enough.\u201d My biggest project so far is the Mushroom Lamp Shop at Astoria. I dreamed up this cozy little space for you, so you could meet the lamps in an environment where they can truly shine. In the shop, you\u2019ll also find products from several amazing Hungarian creators. The entire forest is just as handmade as the little wonders within it \u2014 for example, the iconic tree root once belonged to my godparents\u2019 cherry tree.\n\nWe look forward to welcoming you during opening hours.<\/div><\/div>\t\t\t\t\t\t\t\t<\/div>\n\t\t\t\t<\/div>\n\t\t\t\t<\/div>\n\t\t\t\t<\/div>\n\t\t\t\t<\/div>\n\t\t\t\t\t<\/div>\n\t\t\t\t<\/div>\n\t\t<div class=\"elementor-element elementor-element-69a3b2c e-flex e-con-boxed e-con e-parent\" data-id=\"69a3b2c\" data-element_type=\"container\">\n\t\t\t\t\t<div class=\"e-con-inner\">\n\t\t\t\t<div class=\"elementor-element elementor-element-41a921b elementor-widget elementor-widget-heading\" data-id=\"41a921b\" data-element_type=\"widget\" data-widget_type=\"heading.default\">\n\t\t\t\t<div class=\"elementor-widget-container\">\n\t\t\t\t\t<h2 class=\"elementor-heading-title elementor-size-default\">Each piece is made by hand, with love and care.<\/h2>\t\t\t\t<\/div>\n\t\t\t\t<\/div>\n\t\t\t\t\t<\/div>\n\t\t\t\t<\/div>\n\t\t<div class=\"elementor-element elementor-element-6a9b055 e-flex e-con-boxed e-con e-parent\" data-id=\"6a9b055\" data-element_type=\"container\">\n\t\t\t\t\t<div class=\"e-con-inner\">\n\t\t<div class=\"elementor-element elementor-element-2acaf66 e-con-full e-flex e-con e-child\" data-id=\"2acaf66\" data-element_type=\"container\">\n\t\t<div class=\"elementor-element elementor-element-ec4bfa6 e-grid e-con-boxed e-con e-child\" data-id=\"ec4bfa6\" data-element_type=\"container\">\n\t\t\t\t\t<div class=\"e-con-inner\">\n\t\t\t\t<div class=\"elementor-element elementor-element-c55f50e elementor-hidden-tablet elementor-hidden-mobile elementor-widget elementor-widget-image\" data-id=\"c55f50e\" data-element_type=\"widget\" data-widget_type=\"image.default\">\n\t\t\t\t<div class=\"elementor-widget-container\">\n\t\t\t\t\t\t\t\t\t\t\t\t\t\t\t<img decoding=\"async\" width=\"150\" height=\"150\" src=\"https:\/\/gombalampas.com\/wp-content\/uploads\/2024\/06\/385D9F8D-1819-48FD-8DD5-1E091444ABA4-150x150.jpeg\" class=\"attachment-thumbnail size-thumbnail wp-image-1751\" alt=\"\" srcset=\"https:\/\/gombalampas.com\/wp-content\/uploads\/2024\/06\/385D9F8D-1819-48FD-8DD5-1E091444ABA4-150x150.jpeg 150w, https:\/\/gombalampas.com\/wp-content\/uploads\/2024\/06\/385D9F8D-1819-48FD-8DD5-1E091444ABA4-300x300.jpeg 300w, https:\/\/gombalampas.com\/wp-content\/uploads\/2024\/06\/385D9F8D-1819-48FD-8DD5-1E091444ABA4-100x100.jpeg 100w\" sizes=\"(max-width: 150px) 100vw, 150px\" \/>\t\t\t\t\t\t\t\t\t\t\t\t\t\t\t<\/div>\n\t\t\t\t<\/div>\n\t\t\t\t<div class=\"elementor-element elementor-element-365c6ad elementor-widget elementor-widget-image\" data-id=\"365c6ad\" data-element_type=\"widget\" data-widget_type=\"image.default\">\n\t\t\t\t<div class=\"elementor-widget-container\">\n\t\t\t\t\t\t\t\t\t\t\t\t\t\t\t<img decoding=\"async\" width=\"150\" height=\"150\" src=\"https:\/\/gombalampas.com\/wp-content\/uploads\/2024\/06\/0258B2C5-C53E-49ED-95D4-78B127D0B2BB-150x150.jpeg\" class=\"attachment-thumbnail size-thumbnail wp-image-1762\" alt=\"\" srcset=\"https:\/\/gombalampas.com\/wp-content\/uploads\/2024\/06\/0258B2C5-C53E-49ED-95D4-78B127D0B2BB-150x150.jpeg 150w, https:\/\/gombalampas.com\/wp-content\/uploads\/2024\/06\/0258B2C5-C53E-49ED-95D4-78B127D0B2BB-300x300.jpeg 300w, https:\/\/gombalampas.com\/wp-content\/uploads\/2024\/06\/0258B2C5-C53E-49ED-95D4-78B127D0B2BB-100x100.jpeg 100w\" sizes=\"(max-width: 150px) 100vw, 150px\" \/>\t\t\t\t\t\t\t\t\t\t\t\t\t\t\t<\/div>\n\t\t\t\t<\/div>\n\t\t\t\t<div class=\"elementor-element elementor-element-fcb6199 elementor-hidden-tablet elementor-hidden-mobile elementor-widget elementor-widget-image\" data-id=\"fcb6199\" data-element_type=\"widget\" data-widget_type=\"image.default\">\n\t\t\t\t<div class=\"elementor-widget-container\">\n\t\t\t\t\t\t\t\t\t\t\t\t\t\t\t<img loading=\"lazy\" decoding=\"async\" width=\"150\" height=\"150\" src=\"https:\/\/gombalampas.com\/wp-content\/uploads\/2024\/06\/208372E8-7952-44C8-AFD0-793008016489-150x150.jpeg\" class=\"attachment-thumbnail size-thumbnail wp-image-1777\" alt=\"\" srcset=\"https:\/\/gombalampas.com\/wp-content\/uploads\/2024\/06\/208372E8-7952-44C8-AFD0-793008016489-150x150.jpeg 150w, https:\/\/gombalampas.com\/wp-content\/uploads\/2024\/06\/208372E8-7952-44C8-AFD0-793008016489-300x300.jpeg 300w, https:\/\/gombalampas.com\/wp-content\/uploads\/2024\/06\/208372E8-7952-44C8-AFD0-793008016489-100x100.jpeg 100w\" sizes=\"(max-width: 150px) 100vw, 150px\" \/>\t\t\t\t\t\t\t\t\t\t\t\t\t\t\t<\/div>\n\t\t\t\t<\/div>\n\t\t\t\t\t<\/div>\n\t\t\t\t<\/div>\n\t\t\t\t<div class=\"elementor-element elementor-element-2df2e51 elementor-widget elementor-widget-text-editor\" data-id=\"2df2e51\" data-element_type=\"widget\" data-widget_type=\"text-editor.default\">\n\t\t\t\t<div class=\"elementor-widget-container\">\n\t\t\t\t\t\t\t\t\t<p>Classic hats are made freehand, without a mold, while the Crest and Spotted caps cames from casting form.<\/p><p>The entire mashroom is handcrafted from PVC, by hand. The mushroom stems are flexible and not fragile, thanks to the elastic plastic.<\/p>\t\t\t\t\t\t\t\t<\/div>\n\t\t\t\t<\/div>\n\t\t\t\t<\/div>\n\t\t<div class=\"elementor-element elementor-element-4a21a21 e-con-full e-flex e-con e-child\" data-id=\"4a21a21\" data-element_type=\"container\">\n\t\t\t\t<div class=\"elementor-element elementor-element-608b47a elementor-widget elementor-widget-image\" data-id=\"608b47a\" data-element_type=\"widget\" data-widget_type=\"image.default\">\n\t\t\t\t<div class=\"elementor-widget-container\">\n\t\t\t\t\t\t\t\t\t\t\t\t\t\t\t<img loading=\"lazy\" decoding=\"async\" width=\"150\" height=\"150\" src=\"https:\/\/gombalampas.com\/wp-content\/uploads\/2024\/05\/1DD098B3-A3AE-4D2B-8758-F3AAC0C5E5AA-150x150.jpeg\" class=\"attachment-thumbnail size-thumbnail wp-image-1719\" alt=\"\" srcset=\"https:\/\/gombalampas.com\/wp-content\/uploads\/2024\/05\/1DD098B3-A3AE-4D2B-8758-F3AAC0C5E5AA-150x150.jpeg 150w, https:\/\/gombalampas.com\/wp-content\/uploads\/2024\/05\/1DD098B3-A3AE-4D2B-8758-F3AAC0C5E5AA-300x300.jpeg 300w, https:\/\/gombalampas.com\/wp-content\/uploads\/2024\/05\/1DD098B3-A3AE-4D2B-8758-F3AAC0C5E5AA-100x100.jpeg 100w\" sizes=\"(max-width: 150px) 100vw, 150px\" \/>\t\t\t\t\t\t\t\t\t\t\t\t\t\t\t<\/div>\n\t\t\t\t<\/div>\n\t\t\t\t<div class=\"elementor-element elementor-element-4faef14 elementor-widget elementor-widget-text-editor\" data-id=\"4faef14\" data-element_type=\"widget\" data-widget_type=\"text-editor.default\">\n\t\t\t\t<div class=\"elementor-widget-container\">\n\t\t\t\t\t\t\t\t\t<p>The lamps rest on real wood, the battery compartment is built into the base, so the aesthetic isn\u2019t spoiled by the sight of batteryholders or cables. The cavities for concealing the battery switches are created with a hand milling machine.<\/p>\t\t\t\t\t\t\t\t<\/div>\n\t\t\t\t<\/div>\n\t\t\t\t<\/div>\n\t\t\t\t\t<\/div>\n\t\t\t\t<\/div>\n\t\t<div class=\"elementor-element elementor-element-5c7b486 e-flex e-con-boxed e-con e-parent\" data-id=\"5c7b486\" data-element_type=\"container\">\n\t\t\t\t\t<div class=\"e-con-inner\">\n\t\t<div class=\"elementor-element elementor-element-b7ef311 e-con-full e-flex e-con e-child\" data-id=\"b7ef311\" data-element_type=\"container\">\n\t\t\t\t<div class=\"elementor-element elementor-element-0b714d3 elementor-widget elementor-widget-image\" data-id=\"0b714d3\" data-element_type=\"widget\" data-widget_type=\"image.default\">\n\t\t\t\t<div class=\"elementor-widget-container\">\n\t\t\t\t\t\t\t\t\t\t\t\t\t\t\t<img loading=\"lazy\" decoding=\"async\" width=\"150\" height=\"150\" src=\"https:\/\/gombalampas.com\/wp-content\/uploads\/2024\/06\/DSCF0184-150x150.jpg\" class=\"attachment-thumbnail size-thumbnail wp-image-1778\" alt=\"\" srcset=\"https:\/\/gombalampas.com\/wp-content\/uploads\/2024\/06\/DSCF0184-150x150.jpg 150w, https:\/\/gombalampas.com\/wp-content\/uploads\/2024\/06\/DSCF0184-300x300.jpg 300w, https:\/\/gombalampas.com\/wp-content\/uploads\/2024\/06\/DSCF0184-100x100.jpg 100w\" sizes=\"(max-width: 150px) 100vw, 150px\" \/>\t\t\t\t\t\t\t\t\t\t\t\t\t\t\t<\/div>\n\t\t\t\t<\/div>\n\t\t\t\t<div class=\"elementor-element elementor-element-a6d9f72 elementor-widget elementor-widget-text-editor\" data-id=\"a6d9f72\" data-element_type=\"widget\" data-widget_type=\"text-editor.default\">\n\t\t\t\t<div class=\"elementor-widget-container\">\n\t\t\t\t\t\t\t\t\t<p>The trees are covered with live moss, which requires no special care\u2014just an occasional spritz of water.<\/p>\t\t\t\t\t\t\t\t<\/div>\n\t\t\t\t<\/div>\n\t\t\t\t<\/div>\n\t\t<div class=\"elementor-element elementor-element-7603cb3 e-con-full e-flex e-con e-child\" data-id=\"7603cb3\" data-element_type=\"container\">\n\t\t\t\t<div class=\"elementor-element elementor-element-d84572f elementor-widget elementor-widget-text-editor\" data-id=\"d84572f\" data-element_type=\"widget\" data-widget_type=\"text-editor.default\">\n\t\t\t\t<div class=\"elementor-widget-container\">\n\t\t\t\t\t\t\t\t\t<p>Each tree-based Gombal\u00e1mp\u00e1s is fitted with a precision-made, logo-embossed fabric base to protect furniture from damage. By lifting this base, battery replacement is easy to made.<\/p>\t\t\t\t\t\t\t\t<\/div>\n\t\t\t\t<\/div>\n\t\t\t\t<div class=\"elementor-element elementor-element-83cc4f2 elementor-widget elementor-widget-image\" data-id=\"83cc4f2\" data-element_type=\"widget\" data-widget_type=\"image.default\">\n\t\t\t\t<div class=\"elementor-widget-container\">\n\t\t\t\t\t\t\t\t\t\t\t\t\t\t\t<img loading=\"lazy\" decoding=\"async\" width=\"150\" height=\"150\" src=\"https:\/\/gombalampas.com\/wp-content\/uploads\/2024\/06\/hanna_rolam-150x150.jpeg\" class=\"attachment-thumbnail size-thumbnail wp-image-1576\" alt=\"\" srcset=\"https:\/\/gombalampas.com\/wp-content\/uploads\/2024\/06\/hanna_rolam-150x150.jpeg 150w, https:\/\/gombalampas.com\/wp-content\/uploads\/2024\/06\/hanna_rolam-300x300.jpeg 300w, https:\/\/gombalampas.com\/wp-content\/uploads\/2024\/06\/hanna_rolam-100x100.jpeg 100w\" sizes=\"(max-width: 150px) 100vw, 150px\" \/>\t\t\t\t\t\t\t\t\t\t\t\t\t\t\t<\/div>\n\t\t\t\t<\/div>\n\t\t\t\t<\/div>\n\t\t\t\t\t<\/div>\n\t\t\t\t<\/div>\n\t\t\t\t<\/div>","protected":false},"excerpt":{"rendered":"<p>R\u00f3lam \u00e9s a Gombal\u00e1mp\u00e1sokr\u00f3l \u00a0 Hanna vagyok, 21 \u00e9ves \u00e9s 2022 \u00f3ta k\u00e9sz\u00edtem Gombal\u00e1mp\u00e1saimat. A l\u00e1mp\u00e1saim teljesen k\u00e9zzel k\u00e9sz\u00fclnek, a gomb\u00e1kat egyes\u00e9vel, sablon n\u00e9lk\u00fcl form\u00e1lom. \u00c9l\u0151 moha \u00f6leli k\u00f6r\u00fcl minden gomb\u00e1mat \u00e9s igazi f\u00e1ra helyezem el \u0151ket.Eleinte a k\u00f6z\u00e9piskolai tanulm\u00e1nyaim mellett k\u00e9sz\u00fcltek a l\u00e1mp\u00e1sok, azt\u00e1n a sikeres \u00e9retts\u00e9gi ut\u00e1n, most m\u00e1r 2 \u00e9vvel ezel\u0151tt ny\u00e1ron [&hellip;]<\/p>","protected":false},"author":1,"featured_media":0,"parent":0,"menu_order":0,"comment_status":"closed","ping_status":"closed","template":"","meta":{"_uag_custom_page_level_css":"","site-sidebar-layout":"no-sidebar","site-content-layout":"page-builder","ast-site-content-layout":"default","site-content-style":"default","site-sidebar-style":"default","ast-global-header-display":"","ast-banner-title-visibility":"","ast-main-header-display":"","ast-hfb-above-header-display":"","ast-hfb-below-header-display":"","ast-hfb-mobile-header-display":"","site-post-title":"disabled","ast-breadcrumbs-content":"disabled","ast-featured-img":"disabled","footer-sml-layout":"","theme-transparent-header-meta":"default","adv-header-id-meta":"","stick-header-meta":"","header-above-stick-meta":"","header-main-stick-meta":"","header-below-stick-meta":"","astra-migrate-meta-layouts":"default","ast-page-background-enabled":"default","ast-page-background-meta":{"desktop":{"background-color":"var(--ast-global-color-4)","background-image":"","background-repeat":"repeat","background-position":"center center","background-size":"auto","background-attachment":"scroll","background-type":"","background-media":"","overlay-type":"","overlay-color":"","overlay-opacity":"","overlay-gradient":""},"tablet":{"background-color":"","background-image":"","background-repeat":"repeat","background-position":"center center","background-size":"auto","background-attachment":"scroll","background-type":"","background-media":"","overlay-type":"","overlay-color":"","overlay-opacity":"","overlay-gradient":""},"mobile":{"background-color":"","background-image":"","background-repeat":"repeat","background-position":"center center","background-size":"auto","background-attachment":"scroll","background-type":"","background-media":"","overlay-type":"","overlay-color":"","overlay-opacity":"","overlay-gradient":""}},"ast-content-background-meta":{"desktop":{"background-color":"var(--ast-global-color-5)","background-image":"","background-repeat":"repeat","background-position":"center center","background-size":"auto","background-attachment":"scroll","background-type":"","background-media":"","overlay-type":"","overlay-color":"","overlay-opacity":"","overlay-gradient":""},"tablet":{"background-color":"var(--ast-global-color-5)","background-image":"","background-repeat":"repeat","background-position":"center center","background-size":"auto","background-attachment":"scroll","background-type":"","background-media":"","overlay-type":"","overlay-color":"","overlay-opacity":"","overlay-gradient":""},"mobile":{"background-color":"var(--ast-global-color-5)","background-image":"","background-repeat":"repeat","background-position":"center center","background-size":"auto","background-attachment":"scroll","background-type":"","background-media":"","overlay-type":"","overlay-color":"","overlay-opacity":"","overlay-gradient":""}},"footnotes":""},"class_list":["post-252","page","type-page","status-publish","hentry"],"uagb_featured_image_src":{"full":false,"thumbnail":false,"medium":false,"medium_large":false,"large":false,"1536x1536":false,"2048x2048":false,"trp-custom-language-flag":false,"woocommerce_thumbnail":false,"woocommerce_single":false,"woocommerce_gallery_thumbnail":false,"dgwt-wcas-product-suggestion":false},"uagb_author_info":{"display_name":"admin","author_link":"https:\/\/gombalampas.com\/en\/author\/admin\/"},"uagb_comment_info":0,"uagb_excerpt":"R\u00f3lam \u00e9s a Gombal\u00e1mp\u00e1sokr\u00f3l \u00a0 Hanna vagyok, 21 \u00e9ves \u00e9s 2022 \u00f3ta k\u00e9sz\u00edtem Gombal\u00e1mp\u00e1saimat. A l\u00e1mp\u00e1saim teljesen k\u00e9zzel k\u00e9sz\u00fclnek, a gomb\u00e1kat egyes\u00e9vel, sablon n\u00e9lk\u00fcl form\u00e1lom. \u00c9l\u0151 moha \u00f6leli k\u00f6r\u00fcl minden gomb\u00e1mat \u00e9s igazi f\u00e1ra helyezem el \u0151ket.Eleinte a k\u00f6z\u00e9piskolai tanulm\u00e1nyaim mellett k\u00e9sz\u00fcltek a l\u00e1mp\u00e1sok, azt\u00e1n a sikeres \u00e9retts\u00e9gi ut\u00e1n, most m\u00e1r 2 \u00e9vvel ezel\u0151tt ny\u00e1ron&hellip;","_links":{"self":[{"href":"https:\/\/gombalampas.com\/en\/wp-json\/wp\/v2\/pages\/252","targetHints":{"allow":["GET"]}}],"collection":[{"href":"https:\/\/gombalampas.com\/en\/wp-json\/wp\/v2\/pages"}],"about":[{"href":"https:\/\/gombalampas.com\/en\/wp-json\/wp\/v2\/types\/page"}],"author":[{"embeddable":true,"href":"https:\/\/gombalampas.com\/en\/wp-json\/wp\/v2\/users\/1"}],"replies":[{"embeddable":true,"href":"https:\/\/gombalampas.com\/en\/wp-json\/wp\/v2\/comments?post=252"}],"version-history":[{"count":48,"href":"https:\/\/gombalampas.com\/en\/wp-json\/wp\/v2\/pages\/252\/revisions"}],"predecessor-version":[{"id":3226,"href":"https:\/\/gombalampas.com\/en\/wp-json\/wp\/v2\/pages\/252\/revisions\/3226"}],"wp:attachment":[{"href":"https:\/\/gombalampas.com\/en\/wp-json\/wp\/v2\/media?parent=252"}],"curies":[{"name":"wp","href":"https:\/\/api.w.org\/{rel}","templated":true}]}}