{"id":2612,"date":"2025-03-30T20:44:31","date_gmt":"2025-03-30T18:44:31","guid":{"rendered":"https:\/\/gombalampas.com\/?page_id=2612"},"modified":"2026-03-11T18:57:12","modified_gmt":"2026-03-11T17:57:12","slug":"rent","status":"publish","type":"page","link":"https:\/\/gombalampas.com\/en\/rent\/","title":{"rendered":"Rent"},"content":{"rendered":"<div data-elementor-type=\"wp-page\" data-elementor-id=\"2612\" class=\"elementor elementor-2612\">\n\t\t\t\t<div class=\"elementor-element elementor-element-eae4986 e-flex e-con-boxed e-con e-parent\" data-id=\"eae4986\" data-element_type=\"container\">\n\t\t\t\t\t<div class=\"e-con-inner\">\n\t\t\t\t<div class=\"elementor-element elementor-element-d15d746 elementor-widget__width-inherit elementor-widget elementor-widget-heading\" data-id=\"d15d746\" data-element_type=\"widget\" data-widget_type=\"heading.default\">\n\t\t\t\t<div class=\"elementor-widget-container\">\n\t\t\t\t\t<h2 class=\"elementor-heading-title elementor-size-default\"><br>Make your wedding even more atmospheric during the reception!<br><\/h2>\t\t\t\t<\/div>\n\t\t\t\t<\/div>\n\t\t\t\t\t<\/div>\n\t\t\t\t<\/div>\n\t\t<div class=\"elementor-element elementor-element-23f2e61 e-flex e-con-boxed e-con e-parent\" data-id=\"23f2e61\" data-element_type=\"container\">\n\t\t\t\t\t<div class=\"e-con-inner\">\n\t\t<div class=\"elementor-element elementor-element-0766563 e-con-full e-flex e-con e-child\" data-id=\"0766563\" data-element_type=\"container\">\n\t\t\t\t<div class=\"elementor-element elementor-element-3bb5620 elementor-widget elementor-widget-image\" data-id=\"3bb5620\" data-element_type=\"widget\" data-widget_type=\"image.default\">\n\t\t\t\t<div class=\"elementor-widget-container\">\n\t\t\t\t\t\t\t\t\t\t\t\t\t\t\t<img fetchpriority=\"high\" decoding=\"async\" width=\"488\" height=\"733\" src=\"https:\/\/gombalampas.com\/wp-content\/uploads\/2025\/03\/72DA2F47-1481-448D-A315-F8F54444F385.jpeg\" class=\"attachment-large size-large wp-image-2637\" alt=\"\" srcset=\"https:\/\/gombalampas.com\/wp-content\/uploads\/2025\/03\/72DA2F47-1481-448D-A315-F8F54444F385.jpeg 488w, https:\/\/gombalampas.com\/wp-content\/uploads\/2025\/03\/72DA2F47-1481-448D-A315-F8F54444F385-200x300.jpeg 200w, https:\/\/gombalampas.com\/wp-content\/uploads\/2025\/03\/72DA2F47-1481-448D-A315-F8F54444F385-8x12.jpeg 8w\" sizes=\"(max-width: 488px) 100vw, 488px\" \/>\t\t\t\t\t\t\t\t\t\t\t\t\t\t\t<\/div>\n\t\t\t\t<\/div>\n\t\t\t\t<\/div>\n\t\t<div class=\"elementor-element elementor-element-e94da5f e-con-full e-flex e-con e-child\" data-id=\"e94da5f\" data-element_type=\"container\">\n\t\t\t\t<div class=\"elementor-element elementor-element-8bfb233 elementor-widget elementor-widget-text-editor\" data-id=\"8bfb233\" data-element_type=\"widget\" data-widget_type=\"text-editor.default\">\n\t\t\t\t<div class=\"elementor-widget-container\">\n\t\t\t\t\t\t\t\t\t<h4 data-elementor-setting-key=\"title\" data-pen-placeholder=\"Ide \u00edrj...\" style=\"font-style: normal; color: rgb(244, 246, 243); line-height: 1.2em;\"><br><br><br>Our small handmade lanterns provide beautiful lighting for after-lights-out entertainment or any other event.<br style=\"color: rgb(34, 34, 34); font-family: Arial, Helvetica, sans-serif; font-size: small; white-space-collapse: collapse; background-color: rgb(255, 255, 255);\"><br>We are happy to personalize the rental pieces for you, or help you choose what would be the most atmospheric and optimal for your big day. <br><br>Currently, our rental fleet consists of 10 pieces of 1-meter-long, 50-LED lights and 20 Small Globe Gomba Lanterns, but upon request we are happy to provide them in other sizes as well.<br><br>Feel free to contact us at <span style=\"font-weight: 700;\">berles@gombalampas.com <\/span>via email.<\/h4><h4 data-elementor-setting-key=\"title\" data-pen-placeholder=\"Ide \u00edrj...\" style=\"font-style: normal; color: rgb(244, 246, 243); line-height: 1.2em;\">&nbsp; <br>Starting from <span style=\"font-weight: 700;\">8000 Ft\/day<\/span> and delivery is available upon request.<br><\/h4>\t\t\t\t\t\t\t\t<\/div>\n\t\t\t\t<\/div>\n\t\t\t\t<\/div>\n\t\t\t\t\t<\/div>\n\t\t\t\t<\/div>\n\t\t<div class=\"elementor-element elementor-element-69dc278 e-flex e-con-boxed e-con e-parent\" data-id=\"69dc278\" data-element_type=\"container\">\n\t\t\t\t\t<div class=\"e-con-inner\">\n\t\t<div class=\"elementor-element elementor-element-8e002db e-con-full e-flex e-con e-child\" data-id=\"8e002db\" data-element_type=\"container\">\n\t\t\t\t<div class=\"elementor-element elementor-element-e5e3de6 elementor-widget__width-initial elementor-widget elementor-widget-image\" data-id=\"e5e3de6\" data-element_type=\"widget\" data-widget_type=\"image.default\">\n\t\t\t\t<div class=\"elementor-widget-container\">\n\t\t\t\t\t\t\t\t\t\t\t\t\t\t\t<img decoding=\"async\" width=\"604\" height=\"340\" src=\"https:\/\/gombalampas.com\/wp-content\/uploads\/2025\/03\/9894284D-4900-482C-A49D-39644377D151.jpeg\" class=\"attachment-2048x2048 size-2048x2048 wp-image-2658\" alt=\"\" srcset=\"https:\/\/gombalampas.com\/wp-content\/uploads\/2025\/03\/9894284D-4900-482C-A49D-39644377D151.jpeg 604w, https:\/\/gombalampas.com\/wp-content\/uploads\/2025\/03\/9894284D-4900-482C-A49D-39644377D151-300x169.jpeg 300w, https:\/\/gombalampas.com\/wp-content\/uploads\/2025\/03\/9894284D-4900-482C-A49D-39644377D151-18x10.jpeg 18w, https:\/\/gombalampas.com\/wp-content\/uploads\/2025\/03\/9894284D-4900-482C-A49D-39644377D151-600x338.jpeg 600w\" sizes=\"(max-width: 604px) 100vw, 604px\" \/>\t\t\t\t\t\t\t\t\t\t\t\t\t\t\t<\/div>\n\t\t\t\t<\/div>\n\t\t\t\t<\/div>\n\t\t<div class=\"elementor-element elementor-element-57e4596 e-con-full e-flex e-con e-child\" data-id=\"57e4596\" data-element_type=\"container\">\n\t\t\t\t<div class=\"elementor-element elementor-element-c3142ec elementor-widget elementor-widget-image\" data-id=\"c3142ec\" data-element_type=\"widget\" data-widget_type=\"image.default\">\n\t\t\t\t<div class=\"elementor-widget-container\">\n\t\t\t\t\t\t\t\t\t\t\t\t\t\t\t<img decoding=\"async\" width=\"570\" height=\"380\" src=\"https:\/\/gombalampas.com\/wp-content\/uploads\/2025\/03\/97A7C32E-FD5E-4698-BC62-E30FD7BC14C2.jpeg\" class=\"attachment-2048x2048 size-2048x2048 wp-image-2656\" alt=\"\" srcset=\"https:\/\/gombalampas.com\/wp-content\/uploads\/2025\/03\/97A7C32E-FD5E-4698-BC62-E30FD7BC14C2.jpeg 570w, https:\/\/gombalampas.com\/wp-content\/uploads\/2025\/03\/97A7C32E-FD5E-4698-BC62-E30FD7BC14C2-300x200.jpeg 300w, https:\/\/gombalampas.com\/wp-content\/uploads\/2025\/03\/97A7C32E-FD5E-4698-BC62-E30FD7BC14C2-18x12.jpeg 18w\" sizes=\"(max-width: 570px) 100vw, 570px\" \/>\t\t\t\t\t\t\t\t\t\t\t\t\t\t\t<\/div>\n\t\t\t\t<\/div>\n\t\t\t\t<\/div>\n\t\t\t\t\t<\/div>\n\t\t\t\t<\/div>\n\t\t\t\t<\/div>","protected":false},"excerpt":{"rendered":"<p>Legyen az esk\u00fcv\u0151d m\u00e9g hangulatosabb a lagzi alatt! Kis k\u00e9zm\u0171ves l\u00e1mp\u00e1saink csod\u00e1s f\u00e9nyeket biztos\u00edtanak a l\u00e1mpaolt\u00e1s ut\u00e1ni sz\u00f3rakoz\u00e1shoz, vagy b\u00e1rmely m\u00e1s esem\u00e9nyen.Szeretettel szabjuk nektek szem\u00e9lyre is ak\u00e1r a b\u00e9rlend\u0151 darabokat, vagy seg\u00edt\u00fcnk, hogy mi lenne a leghangulatosabb \u00e9s optim\u00e1lisabb a nagy napotokra! Jelenleg 10 darab 1 m\u00e9ter hossz\u00fa, 50 LED-es \u00e9s 20 darab Kis G\u00f6mb [&hellip;]<\/p>","protected":false},"author":1,"featured_media":0,"parent":0,"menu_order":0,"comment_status":"closed","ping_status":"closed","template":"","meta":{"_uag_custom_page_level_css":"","site-sidebar-layout":"no-sidebar","site-content-layout":"page-builder","ast-site-content-layout":"full-width-container","site-content-style":"default","site-sidebar-style":"default","ast-global-header-display":"","ast-banner-title-visibility":"","ast-main-header-display":"","ast-hfb-above-header-display":"","ast-hfb-below-header-display":"","ast-hfb-mobile-header-display":"","site-post-title":"disabled","ast-breadcrumbs-content":"","ast-featured-img":"disabled","footer-sml-layout":"","theme-transparent-header-meta":"","adv-header-id-meta":"","stick-header-meta":"","header-above-stick-meta":"","header-main-stick-meta":"","header-below-stick-meta":"","astra-migrate-meta-layouts":"set","ast-page-background-enabled":"default","ast-page-background-meta":{"desktop":{"background-color":"var(--ast-global-color-4)","background-image":"","background-repeat":"repeat","background-position":"center center","background-size":"auto","background-attachment":"scroll","background-type":"","background-media":"","overlay-type":"","overlay-color":"","overlay-opacity":"","overlay-gradient":""},"tablet":{"background-color":"","background-image":"","background-repeat":"repeat","background-position":"center center","background-size":"auto","background-attachment":"scroll","background-type":"","background-media":"","overlay-type":"","overlay-color":"","overlay-opacity":"","overlay-gradient":""},"mobile":{"background-color":"","background-image":"","background-repeat":"repeat","background-position":"center center","background-size":"auto","background-attachment":"scroll","background-type":"","background-media":"","overlay-type":"","overlay-color":"","overlay-opacity":"","overlay-gradient":""}},"ast-content-background-meta":{"desktop":{"background-color":"var(--ast-global-color-5)","background-image":"","background-repeat":"repeat","background-position":"center center","background-size":"auto","background-attachment":"scroll","background-type":"","background-media":"","overlay-type":"","overlay-color":"","overlay-opacity":"","overlay-gradient":""},"tablet":{"background-color":"var(--ast-global-color-5)","background-image":"","background-repeat":"repeat","background-position":"center center","background-size":"auto","background-attachment":"scroll","background-type":"","background-media":"","overlay-type":"","overlay-color":"","overlay-opacity":"","overlay-gradient":""},"mobile":{"background-color":"var(--ast-global-color-5)","background-image":"","background-repeat":"repeat","background-position":"center center","background-size":"auto","background-attachment":"scroll","background-type":"","background-media":"","overlay-type":"","overlay-color":"","overlay-opacity":"","overlay-gradient":""}},"footnotes":""},"class_list":["post-2612","page","type-page","status-publish","hentry"],"uagb_featured_image_src":{"full":false,"thumbnail":false,"medium":false,"medium_large":false,"large":false,"1536x1536":false,"2048x2048":false,"trp-custom-language-flag":false,"woocommerce_thumbnail":false,"woocommerce_single":false,"woocommerce_gallery_thumbnail":false,"dgwt-wcas-product-suggestion":false},"uagb_author_info":{"display_name":"admin","author_link":"https:\/\/gombalampas.com\/en\/author\/admin\/"},"uagb_comment_info":0,"uagb_excerpt":"Legyen az esk\u00fcv\u0151d m\u00e9g hangulatosabb a lagzi alatt! Kis k\u00e9zm\u0171ves l\u00e1mp\u00e1saink csod\u00e1s f\u00e9nyeket biztos\u00edtanak a l\u00e1mpaolt\u00e1s ut\u00e1ni sz\u00f3rakoz\u00e1shoz, vagy b\u00e1rmely m\u00e1s esem\u00e9nyen.Szeretettel szabjuk nektek szem\u00e9lyre is ak\u00e1r a b\u00e9rlend\u0151 darabokat, vagy seg\u00edt\u00fcnk, hogy mi lenne a leghangulatosabb \u00e9s optim\u00e1lisabb a nagy napotokra! Jelenleg 10 darab 1 m\u00e9ter hossz\u00fa, 50 LED-es \u00e9s 20 darab Kis G\u00f6mb&hellip;","_links":{"self":[{"href":"https:\/\/gombalampas.com\/en\/wp-json\/wp\/v2\/pages\/2612","targetHints":{"allow":["GET"]}}],"collection":[{"href":"https:\/\/gombalampas.com\/en\/wp-json\/wp\/v2\/pages"}],"about":[{"href":"https:\/\/gombalampas.com\/en\/wp-json\/wp\/v2\/types\/page"}],"author":[{"embeddable":true,"href":"https:\/\/gombalampas.com\/en\/wp-json\/wp\/v2\/users\/1"}],"replies":[{"embeddable":true,"href":"https:\/\/gombalampas.com\/en\/wp-json\/wp\/v2\/comments?post=2612"}],"version-history":[{"count":70,"href":"https:\/\/gombalampas.com\/en\/wp-json\/wp\/v2\/pages\/2612\/revisions"}],"predecessor-version":[{"id":3658,"href":"https:\/\/gombalampas.com\/en\/wp-json\/wp\/v2\/pages\/2612\/revisions\/3658"}],"wp:attachment":[{"href":"https:\/\/gombalampas.com\/en\/wp-json\/wp\/v2\/media?parent=2612"}],"curies":[{"name":"wp","href":"https:\/\/api.w.org\/{rel}","templated":true}]}}