{"id":3613,"date":"2026-03-10T22:11:06","date_gmt":"2026-03-10T21:11:06","guid":{"rendered":"https:\/\/gombalampas.com\/?page_id=3613"},"modified":"2026-03-13T09:54:56","modified_gmt":"2026-03-13T08:54:56","slug":"hirlevel-feliratkozas-oldal","status":"publish","type":"page","link":"https:\/\/gombalampas.com\/en\/hirlevel-feliratkozas-oldal\/","title":{"rendered":"Newsletter-SignUp"},"content":{"rendered":"<div data-elementor-type=\"wp-page\" data-elementor-id=\"3613\" class=\"elementor elementor-3613\">\n\t\t\t\t<div class=\"elementor-element elementor-element-bff00e3 e-flex e-con-boxed e-con e-parent\" data-id=\"bff00e3\" data-element_type=\"container\">\n\t\t\t\t\t<div class=\"e-con-inner\">\n\t\t\t\t<div class=\"elementor-element elementor-element-c957c3e elementor-widget elementor-widget-shortcode\" data-id=\"c957c3e\" data-element_type=\"widget\" data-widget_type=\"shortcode.default\">\n\t\t\t\t<div class=\"elementor-widget-container\">\n\t\t\t\t\t\t\t<div class=\"elementor-shortcode\"><div class=\"tnp tnp-subscription\">\n<form method=\"post\" action=\"https:\/\/gombalampas.com\/wp-admin\/admin-ajax.php?action=tnp&amp;na=s\">\n<input type=\"hidden\" name=\"nlang\" value=\"en\">\n<div class=\"tnp-field tnp-field-email\"><label for=\"tnp-1\">Subscribe to our newsletter<\/label>\n<input class=\"tnp-email\" type=\"email\" name=\"ne\" id=\"tnp-1\" value=\"\" placeholder=\"Email\" required><\/div>\n<div class=\"tnp-field tnp-field-button\" style=\"text-align: left\"><input class=\"tnp-submit\" type=\"submit\" value=\"Subscribe\" style=\"\">\n<\/div>\n<\/form>\n<\/div>\n<\/div>\n\t\t\t\t\t\t<\/div>\n\t\t\t\t<\/div>\n\t\t\t\t\t<\/div>\n\t\t\t\t<\/div>\n\t\t<div class=\"elementor-element elementor-element-ebbdc42 e-flex e-con-boxed e-con e-parent\" data-id=\"ebbdc42\" data-element_type=\"container\">\n\t\t\t\t\t<div class=\"e-con-inner\">\n\t\t\t\t<div class=\"elementor-element elementor-element-4fe2821 elementor-widget elementor-widget-heading\" data-id=\"4fe2821\" data-element_type=\"widget\" data-widget_type=\"heading.default\">\n\t\t\t\t<div class=\"elementor-widget-container\">\n\t\t\t\t\t<h2 class=\"elementor-heading-title elementor-size-default\"><p>\n<p>\nDon't miss the latest Gombal\u00e1mp\u00e1s lamps and our unique creations. Subscribe to our newsletter and be the first to hear about new products. From time to time, we also offer a glimpse into upcoming pieces and the creative process behind them.<br>\n<p>\n<p>\nMegosztjuk a legfrissebb \u00fajdons\u00e1gokat, inspir\u00e1ci\u00f3kat \u00e9s k\u00fcl\u00f6nleges darabokat, akci\u00f3kat. Legy\u00e9l az els\u0151k k\u00f6z\u00f6tt, akik megismerik \u00faj kollekci\u00f3nkat, aktu\u00e1lis h\u00edreinket.<\/h2>\t\t\t\t<\/div>\n\t\t\t\t<\/div>\n\t\t\t\t\t<\/div>\n\t\t\t\t<\/div>\n\t\t<div class=\"elementor-element elementor-element-1de80a7 e-flex e-con-boxed e-con e-parent\" data-id=\"1de80a7\" data-element_type=\"container\">\n\t\t\t\t\t<div class=\"e-con-inner\">\n\t\t<div class=\"elementor-element elementor-element-73633c3 e-con-full e-flex e-con e-child\" data-id=\"73633c3\" data-element_type=\"container\">\n\t\t\t\t<div class=\"elementor-element elementor-element-2009511 elementor-widget elementor-widget-image\" data-id=\"2009511\" data-element_type=\"widget\" data-widget_type=\"image.default\">\n\t\t\t\t<div class=\"elementor-widget-container\">\n\t\t\t\t\t\t\t\t\t\t\t\t\t\t\t<img fetchpriority=\"high\" decoding=\"async\" width=\"200\" height=\"300\" src=\"https:\/\/gombalampas.com\/wp-content\/uploads\/2025\/03\/7-1-200x300.jpeg\" class=\"attachment-medium size-medium wp-image-3570\" alt=\"\" srcset=\"https:\/\/gombalampas.com\/wp-content\/uploads\/2025\/03\/7-1-200x300.jpeg 200w, https:\/\/gombalampas.com\/wp-content\/uploads\/2025\/03\/7-1-683x1024.jpeg 683w, https:\/\/gombalampas.com\/wp-content\/uploads\/2025\/03\/7-1-768x1152.jpeg 768w, https:\/\/gombalampas.com\/wp-content\/uploads\/2025\/03\/7-1-1024x1536.jpeg 1024w, https:\/\/gombalampas.com\/wp-content\/uploads\/2025\/03\/7-1-1365x2048.jpeg 1365w, https:\/\/gombalampas.com\/wp-content\/uploads\/2025\/03\/7-1-8x12.jpeg 8w, https:\/\/gombalampas.com\/wp-content\/uploads\/2025\/03\/7-1-600x900.jpeg 600w, https:\/\/gombalampas.com\/wp-content\/uploads\/2025\/03\/7-1-64x96.jpeg 64w, https:\/\/gombalampas.com\/wp-content\/uploads\/2025\/03\/7-1-scaled.jpeg 1707w\" sizes=\"(max-width: 200px) 100vw, 200px\" \/>\t\t\t\t\t\t\t\t\t\t\t\t\t\t\t<\/div>\n\t\t\t\t<\/div>\n\t\t\t\t<\/div>\n\t\t<div class=\"elementor-element elementor-element-c1861ed e-con-full e-flex e-con e-child\" data-id=\"c1861ed\" data-element_type=\"container\">\n\t\t\t\t<div class=\"elementor-element elementor-element-62a6f24 elementor-widget elementor-widget-image\" data-id=\"62a6f24\" data-element_type=\"widget\" data-widget_type=\"image.default\">\n\t\t\t\t<div class=\"elementor-widget-container\">\n\t\t\t\t\t\t\t\t\t\t\t\t\t\t\t<img decoding=\"async\" width=\"225\" height=\"300\" src=\"https:\/\/gombalampas.com\/wp-content\/uploads\/2026\/02\/IMG_0021-1-225x300.jpeg\" class=\"attachment-medium size-medium wp-image-3549\" alt=\"\" srcset=\"https:\/\/gombalampas.com\/wp-content\/uploads\/2026\/02\/IMG_0021-1-225x300.jpeg 225w, https:\/\/gombalampas.com\/wp-content\/uploads\/2026\/02\/IMG_0021-1-768x1024.jpeg 768w, https:\/\/gombalampas.com\/wp-content\/uploads\/2026\/02\/IMG_0021-1-1152x1536.jpeg 1152w, https:\/\/gombalampas.com\/wp-content\/uploads\/2026\/02\/IMG_0021-1-1536x2048.jpeg 1536w, https:\/\/gombalampas.com\/wp-content\/uploads\/2026\/02\/IMG_0021-1-9x12.jpeg 9w, https:\/\/gombalampas.com\/wp-content\/uploads\/2026\/02\/IMG_0021-1-600x800.jpeg 600w, https:\/\/gombalampas.com\/wp-content\/uploads\/2026\/02\/IMG_0021-1-64x85.jpeg 64w, https:\/\/gombalampas.com\/wp-content\/uploads\/2026\/02\/IMG_0021-1-scaled.jpeg 1920w\" sizes=\"(max-width: 225px) 100vw, 225px\" \/>\t\t\t\t\t\t\t\t\t\t\t\t\t\t\t<\/div>\n\t\t\t\t<\/div>\n\t\t\t\t<\/div>\n\t\t\t\t\t<\/div>\n\t\t\t\t<\/div>\n\t\t\t\t<\/div>","protected":false},"excerpt":{"rendered":"<p>Ne maradj le a leg\u00fajabb Gombal\u00e1mp\u00e1sokr\u00f3l \u00e9s k\u00fcl\u00f6nleges alkot\u00e1sainkr\u00f3l. Iratkozz fel h\u00edrlevel\u00fcnkre, \u00e9s \u00e9rtes\u00fclj els\u0151k\u00e9nt az \u00faj term\u00e9kekr\u0151l. Id\u0151r\u0151l id\u0151re betekint\u00e9st ny\u00fajtunk a k\u00e9sz\u00fcl\u0151 darabokba \u00e9s az alkot\u00e1s folyamat\u00e1ba is. Megosztjuk a legfrissebb \u00fajdons\u00e1gokat, inspir\u00e1ci\u00f3kat \u00e9s k\u00fcl\u00f6nleges darabokat, akci\u00f3kat. Legy\u00e9l az els\u0151k k\u00f6z\u00f6tt, akik megismerik \u00faj kollekci\u00f3nkat, aktu\u00e1lis h\u00edreinket.<\/p>","protected":false},"author":1,"featured_media":0,"parent":0,"menu_order":0,"comment_status":"closed","ping_status":"closed","template":"","meta":{"_uag_custom_page_level_css":"","site-sidebar-layout":"no-sidebar","site-content-layout":"page-builder","ast-site-content-layout":"full-width-container","site-content-style":"default","site-sidebar-style":"default","ast-global-header-display":"","ast-banner-title-visibility":"","ast-main-header-display":"","ast-hfb-above-header-display":"","ast-hfb-below-header-display":"","ast-hfb-mobile-header-display":"","site-post-title":"","ast-breadcrumbs-content":"","ast-featured-img":"disabled","footer-sml-layout":"","theme-transparent-header-meta":"","adv-header-id-meta":"","stick-header-meta":"","header-above-stick-meta":"","header-main-stick-meta":"","header-below-stick-meta":"","astra-migrate-meta-layouts":"set","ast-page-background-enabled":"default","ast-page-background-meta":{"desktop":{"background-color":"var(--ast-global-color-4)","background-image":"","background-repeat":"repeat","background-position":"center center","background-size":"auto","background-attachment":"scroll","background-type":"","background-media":"","overlay-type":"","overlay-color":"","overlay-opacity":"","overlay-gradient":""},"tablet":{"background-color":"","background-image":"","background-repeat":"repeat","background-position":"center center","background-size":"auto","background-attachment":"scroll","background-type":"","background-media":"","overlay-type":"","overlay-color":"","overlay-opacity":"","overlay-gradient":""},"mobile":{"background-color":"","background-image":"","background-repeat":"repeat","background-position":"center center","background-size":"auto","background-attachment":"scroll","background-type":"","background-media":"","overlay-type":"","overlay-color":"","overlay-opacity":"","overlay-gradient":""}},"ast-content-background-meta":{"desktop":{"background-color":"var(--ast-global-color-5)","background-image":"","background-repeat":"repeat","background-position":"center center","background-size":"auto","background-attachment":"scroll","background-type":"","background-media":"","overlay-type":"","overlay-color":"","overlay-opacity":"","overlay-gradient":""},"tablet":{"background-color":"var(--ast-global-color-5)","background-image":"","background-repeat":"repeat","background-position":"center center","background-size":"auto","background-attachment":"scroll","background-type":"","background-media":"","overlay-type":"","overlay-color":"","overlay-opacity":"","overlay-gradient":""},"mobile":{"background-color":"var(--ast-global-color-5)","background-image":"","background-repeat":"repeat","background-position":"center center","background-size":"auto","background-attachment":"scroll","background-type":"","background-media":"","overlay-type":"","overlay-color":"","overlay-opacity":"","overlay-gradient":""}},"footnotes":""},"class_list":["post-3613","page","type-page","status-publish","hentry"],"uagb_featured_image_src":{"full":false,"thumbnail":false,"medium":false,"medium_large":false,"large":false,"1536x1536":false,"2048x2048":false,"trp-custom-language-flag":false,"woocommerce_thumbnail":false,"woocommerce_single":false,"woocommerce_gallery_thumbnail":false,"dgwt-wcas-product-suggestion":false},"uagb_author_info":{"display_name":"admin","author_link":"https:\/\/gombalampas.com\/en\/author\/admin\/"},"uagb_comment_info":0,"uagb_excerpt":"Ne maradj le a leg\u00fajabb Gombal\u00e1mp\u00e1sokr\u00f3l \u00e9s k\u00fcl\u00f6nleges alkot\u00e1sainkr\u00f3l. Iratkozz fel h\u00edrlevel\u00fcnkre, \u00e9s \u00e9rtes\u00fclj els\u0151k\u00e9nt az \u00faj term\u00e9kekr\u0151l. Id\u0151r\u0151l id\u0151re betekint\u00e9st ny\u00fajtunk a k\u00e9sz\u00fcl\u0151 darabokba \u00e9s az alkot\u00e1s folyamat\u00e1ba is. Megosztjuk a legfrissebb \u00fajdons\u00e1gokat, inspir\u00e1ci\u00f3kat \u00e9s k\u00fcl\u00f6nleges darabokat, akci\u00f3kat. Legy\u00e9l az els\u0151k k\u00f6z\u00f6tt, akik megismerik \u00faj kollekci\u00f3nkat, aktu\u00e1lis h\u00edreinket.","_links":{"self":[{"href":"https:\/\/gombalampas.com\/en\/wp-json\/wp\/v2\/pages\/3613","targetHints":{"allow":["GET"]}}],"collection":[{"href":"https:\/\/gombalampas.com\/en\/wp-json\/wp\/v2\/pages"}],"about":[{"href":"https:\/\/gombalampas.com\/en\/wp-json\/wp\/v2\/types\/page"}],"author":[{"embeddable":true,"href":"https:\/\/gombalampas.com\/en\/wp-json\/wp\/v2\/users\/1"}],"replies":[{"embeddable":true,"href":"https:\/\/gombalampas.com\/en\/wp-json\/wp\/v2\/comments?post=3613"}],"version-history":[{"count":23,"href":"https:\/\/gombalampas.com\/en\/wp-json\/wp\/v2\/pages\/3613\/revisions"}],"predecessor-version":[{"id":3670,"href":"https:\/\/gombalampas.com\/en\/wp-json\/wp\/v2\/pages\/3613\/revisions\/3670"}],"wp:attachment":[{"href":"https:\/\/gombalampas.com\/en\/wp-json\/wp\/v2\/media?parent=3613"}],"curies":[{"name":"wp","href":"https:\/\/api.w.org\/{rel}","templated":true}]}}