{"id":1612,"date":"2024-06-12T11:30:12","date_gmt":"2024-06-12T09:30:12","guid":{"rendered":"https:\/\/gombalampasok.hu\/?post_type=product&#038;p=1612"},"modified":"2025-12-21T12:37:39","modified_gmt":"2025-12-21T11:37:39","slug":"40-led-es-gombalampas","status":"publish","type":"product","link":"https:\/\/gombalampas.com\/en\/product\/40-led-es-gombalampas\/","title":{"rendered":"40 LED Gombal\u00e1mp\u00e1s"},"content":{"rendered":"<p>It operates with 3 pieces (1,5V) AA batteries; the operating time depends on the type of\nbattery, and with certain batteries, it can glow non-stop for months.<br \/>\nThe lamps are primarily designed for indoor use, so if you plan to use it outdoors, please\nindicate in the comments section that the carpet base should not be installed, and in this\ncase, I will equip your lamp with a waterproof switch (this switch is not built-in).<\/p>\n<p>Here\u2019s a little guide to remember:<br \/>\nThe wooden base is enchanted with ozone, now it is free from pests. However, to preserve\nthe live moss, I haven\u2019t used any harsh chemicals. Hence, it&#039;s vital to heed this mystical\nguideline:<br \/>\n- Shield it from direct rays of the sun.<br \/>\n- Nestle it in a cozy, dry, and preferably cool indoor haven<br \/>\n- Avoid washing it with water or subjecting it to chemical treatments<br \/>\n- If the moss seems a tad weary, tenderly splash it with pure water or introduce it to the refreshing, rain-free embrace of the outdoors after the batteries have been removed<br \/>\n- Keep it at a respectful distance from sources of heat<br \/>\nAnd, please, prevent it from becoming a plaything for curious little ones, as it can pose a\nchoking hazard.<\/p>","protected":false},"excerpt":{"rendered":"<p>40 mushrooms on a half log<\/p>","protected":false},"featured_media":1760,"comment_status":"open","ping_status":"closed","template":"","meta":{"_uag_custom_page_level_css":"","site-sidebar-layout":"default","site-content-layout":"","ast-site-content-layout":"default","site-content-style":"default","site-sidebar-style":"default","ast-global-header-display":"","ast-banner-title-visibility":"","ast-main-header-display":"","ast-hfb-above-header-display":"","ast-hfb-below-header-display":"","ast-hfb-mobile-header-display":"","site-post-title":"","ast-breadcrumbs-content":"","ast-featured-img":"","footer-sml-layout":"","theme-transparent-header-meta":"default","adv-header-id-meta":"","stick-header-meta":"","header-above-stick-meta":"","header-main-stick-meta":"","header-below-stick-meta":"","astra-migrate-meta-layouts":"set","ast-page-background-enabled":"default","ast-page-background-meta":{"desktop":{"background-color":"var(--ast-global-color-4)","background-image":"","background-repeat":"repeat","background-position":"center center","background-size":"auto","background-attachment":"scroll","background-type":"","background-media":"","overlay-type":"","overlay-color":"","overlay-opacity":"","overlay-gradient":""},"tablet":{"background-color":"","background-image":"","background-repeat":"repeat","background-position":"center center","background-size":"auto","background-attachment":"scroll","background-type":"","background-media":"","overlay-type":"","overlay-color":"","overlay-opacity":"","overlay-gradient":""},"mobile":{"background-color":"","background-image":"","background-repeat":"repeat","background-position":"center center","background-size":"auto","background-attachment":"scroll","background-type":"","background-media":"","overlay-type":"","overlay-color":"","overlay-opacity":"","overlay-gradient":""}},"ast-content-background-meta":{"desktop":{"background-color":"var(--ast-global-color-5)","background-image":"","background-repeat":"repeat","background-position":"center center","background-size":"auto","background-attachment":"scroll","background-type":"","background-media":"","overlay-type":"","overlay-color":"","overlay-opacity":"","overlay-gradient":""},"tablet":{"background-color":"var(--ast-global-color-5)","background-image":"","background-repeat":"repeat","background-position":"center center","background-size":"auto","background-attachment":"scroll","background-type":"","background-media":"","overlay-type":"","overlay-color":"","overlay-opacity":"","overlay-gradient":""},"mobile":{"background-color":"var(--ast-global-color-5)","background-image":"","background-repeat":"repeat","background-position":"center center","background-size":"auto","background-attachment":"scroll","background-type":"","background-media":"","overlay-type":"","overlay-color":"","overlay-opacity":"","overlay-gradient":""}}},"product_brand":[],"product_cat":[84],"product_tag":[],"class_list":{"0":"post-1612","1":"product","2":"type-product","3":"status-publish","4":"has-post-thumbnail","6":"product_cat-klasszikus-lampasok","7":"product_shipping_class-torekeny","8":"desktop-align-left","9":"tablet-align-left","10":"mobile-align-left","12":"first","13":"onbackorder","14":"shipping-taxable","15":"purchasable","16":"product-type-variable","17":"has-default-attributes"},"uagb_featured_image_src":{"full":["https:\/\/gombalampas.com\/wp-content\/uploads\/2024\/06\/40LED_front-1-scaled.jpeg",1706,2560,false],"thumbnail":["https:\/\/gombalampas.com\/wp-content\/uploads\/2024\/06\/40LED_front-1-150x150.jpeg",150,150,true],"medium":["https:\/\/gombalampas.com\/wp-content\/uploads\/2024\/06\/40LED_front-1-200x300.jpeg",200,300,true],"medium_large":["https:\/\/gombalampas.com\/wp-content\/uploads\/2024\/06\/40LED_front-1-768x1152.jpeg",768,1152,true],"large":["https:\/\/gombalampas.com\/wp-content\/uploads\/2024\/06\/40LED_front-1-683x1024.jpeg",683,1024,true],"1536x1536":["https:\/\/gombalampas.com\/wp-content\/uploads\/2024\/06\/40LED_front-1-1024x1536.jpeg",1024,1536,true],"2048x2048":["https:\/\/gombalampas.com\/wp-content\/uploads\/2024\/06\/40LED_front-1-1365x2048.jpeg",1365,2048,true],"trp-custom-language-flag":["https:\/\/gombalampas.com\/wp-content\/uploads\/2024\/06\/40LED_front-1-scaled.jpeg",8,12,false],"woocommerce_thumbnail":["https:\/\/gombalampas.com\/wp-content\/uploads\/2024\/06\/40LED_front-1-300x300.jpeg",300,300,true],"woocommerce_single":["https:\/\/gombalampas.com\/wp-content\/uploads\/2024\/06\/40LED_front-1-600x900.jpeg",600,900,true],"woocommerce_gallery_thumbnail":["https:\/\/gombalampas.com\/wp-content\/uploads\/2024\/06\/40LED_front-1-100x100.jpeg",100,100,true],"dgwt-wcas-product-suggestion":["https:\/\/gombalampas.com\/wp-content\/uploads\/2024\/06\/40LED_front-1-scaled.jpeg",64,96,false]},"uagb_author_info":{"display_name":"admin","author_link":"https:\/\/gombalampas.com\/en\/author\/"},"uagb_comment_info":0,"uagb_excerpt":"F\u00e9l far\u00f6nk\u00f6n 40 gomb\u00e1val","_links":{"self":[{"href":"https:\/\/gombalampas.com\/en\/wp-json\/wp\/v2\/product\/1612","targetHints":{"allow":["GET"]}}],"collection":[{"href":"https:\/\/gombalampas.com\/en\/wp-json\/wp\/v2\/product"}],"about":[{"href":"https:\/\/gombalampas.com\/en\/wp-json\/wp\/v2\/types\/product"}],"replies":[{"embeddable":true,"href":"https:\/\/gombalampas.com\/en\/wp-json\/wp\/v2\/comments?post=1612"}],"version-history":[{"count":3,"href":"https:\/\/gombalampas.com\/en\/wp-json\/wp\/v2\/product\/1612\/revisions"}],"predecessor-version":[{"id":2190,"href":"https:\/\/gombalampas.com\/en\/wp-json\/wp\/v2\/product\/1612\/revisions\/2190"}],"wp:featuredmedia":[{"embeddable":true,"href":"https:\/\/gombalampas.com\/en\/wp-json\/wp\/v2\/media\/1760"}],"wp:attachment":[{"href":"https:\/\/gombalampas.com\/en\/wp-json\/wp\/v2\/media?parent=1612"}],"wp:term":[{"taxonomy":"product_brand","embeddable":true,"href":"https:\/\/gombalampas.com\/en\/wp-json\/wp\/v2\/product_brand?post=1612"},{"taxonomy":"product_cat","embeddable":true,"href":"https:\/\/gombalampas.com\/en\/wp-json\/wp\/v2\/product_cat?post=1612"},{"taxonomy":"product_tag","embeddable":true,"href":"https:\/\/gombalampas.com\/en\/wp-json\/wp\/v2\/product_tag?post=1612"}],"curies":[{"name":"wp","href":"https:\/\/api.w.org\/{rel}","templated":true}]}}