{"id":2243,"date":"2024-12-16T13:31:14","date_gmt":"2024-12-16T12:31:14","guid":{"rendered":"https:\/\/gombalampas.com\/?post_type=product&#038;p=2243"},"modified":"2025-10-21T21:48:36","modified_gmt":"2025-10-21T19:48:36","slug":"ajandekutalvany","status":"publish","type":"product","link":"https:\/\/gombalampas.com\/en\/product\/ajandekutalvany\/","title":{"rendered":"Gift voucher"},"content":{"rendered":"<p>Can't decide?<\/p>\n<p>Surprise your loved one with a gift voucher, so the choice will be in their hands! A quick and easy solution if you\u2019re feeling lost in the mushroom forest.<\/p>\n<p>The voucher is valid for six months from the date of issue and can be redeemed for any Gombal\u00e1mp\u00e1s product. It cannot be exchanged for cash under any circumstances.<\/p>\n<p>&nbsp;<\/p>\n<p>Please enter the recipient's name in the comment section.<\/p>","protected":false},"excerpt":{"rendered":"<p>Nem tudsz v\u00e1lasztani? Lepd meg szeretted egy utalv\u00e1nnyal, \u00edgy a v\u00e1laszt\u00e1s az \u0151 kez\u00e9ben lesz! Gyors, egyszer\u0171 v\u00e1laszt\u00e1s, ha elveszn\u00e9l a gombarengetegben. Az utalv\u00e1ny a ki\u00e1ll\u00edt\u00e1st\u00f3l sz\u00e1m\u00edtva f\u00e9l \u00e9vig \u00e9rv\u00e9nyes \u00e9s b\u00e1rmely Gombal\u00e1mp\u00e1s term\u00e9kre bev\u00e1lthat\u00f3. K\u00e9szp\u00e9nzre semmilyen esetben nem v\u00e1lthat\u00f3. &nbsp; A megjegyz\u00e9s rovatba \u00edrd be k\u00e9rlek azt, akinek a nev\u00e9re sz\u00f3lni fog az utalv\u00e1ny.<\/p>","protected":false},"featured_media":2246,"comment_status":"open","ping_status":"closed","template":"","meta":{"_uag_custom_page_level_css":"","site-sidebar-layout":"default","site-content-layout":"","ast-site-content-layout":"default","site-content-style":"default","site-sidebar-style":"default","ast-global-header-display":"","ast-banner-title-visibility":"","ast-main-header-display":"","ast-hfb-above-header-display":"","ast-hfb-below-header-display":"","ast-hfb-mobile-header-display":"","site-post-title":"","ast-breadcrumbs-content":"","ast-featured-img":"","footer-sml-layout":"","theme-transparent-header-meta":"default","adv-header-id-meta":"","stick-header-meta":"","header-above-stick-meta":"","header-main-stick-meta":"","header-below-stick-meta":"","astra-migrate-meta-layouts":"set","ast-page-background-enabled":"default","ast-page-background-meta":{"desktop":{"background-color":"var(--ast-global-color-4)","background-image":"","background-repeat":"repeat","background-position":"center center","background-size":"auto","background-attachment":"scroll","background-type":"","background-media":"","overlay-type":"","overlay-color":"","overlay-opacity":"","overlay-gradient":""},"tablet":{"background-color":"","background-image":"","background-repeat":"repeat","background-position":"center center","background-size":"auto","background-attachment":"scroll","background-type":"","background-media":"","overlay-type":"","overlay-color":"","overlay-opacity":"","overlay-gradient":""},"mobile":{"background-color":"","background-image":"","background-repeat":"repeat","background-position":"center center","background-size":"auto","background-attachment":"scroll","background-type":"","background-media":"","overlay-type":"","overlay-color":"","overlay-opacity":"","overlay-gradient":""}},"ast-content-background-meta":{"desktop":{"background-color":"var(--ast-global-color-5)","background-image":"","background-repeat":"repeat","background-position":"center center","background-size":"auto","background-attachment":"scroll","background-type":"","background-media":"","overlay-type":"","overlay-color":"","overlay-opacity":"","overlay-gradient":""},"tablet":{"background-color":"var(--ast-global-color-5)","background-image":"","background-repeat":"repeat","background-position":"center center","background-size":"auto","background-attachment":"scroll","background-type":"","background-media":"","overlay-type":"","overlay-color":"","overlay-opacity":"","overlay-gradient":""},"mobile":{"background-color":"var(--ast-global-color-5)","background-image":"","background-repeat":"repeat","background-position":"center center","background-size":"auto","background-attachment":"scroll","background-type":"","background-media":"","overlay-type":"","overlay-color":"","overlay-opacity":"","overlay-gradient":""}}},"product_brand":[],"product_cat":[100],"product_tag":[],"class_list":{"0":"post-2243","1":"product","2":"type-product","3":"status-publish","4":"has-post-thumbnail","6":"product_cat-ajandekutalvany","7":"product_shipping_class-torekeny","8":"desktop-align-left","9":"tablet-align-left","10":"mobile-align-left","12":"first","13":"instock","14":"shipping-taxable","15":"purchasable","16":"product-type-variable"},"uagb_featured_image_src":{"full":["https:\/\/gombalampas.com\/wp-content\/uploads\/2024\/12\/Neutral-Brown-Rustic-Texture-Photo-Beauty-Gift-Certificate-masolata-masolata-1.png",1748,1241,false],"thumbnail":["https:\/\/gombalampas.com\/wp-content\/uploads\/2024\/12\/Neutral-Brown-Rustic-Texture-Photo-Beauty-Gift-Certificate-masolata-masolata-1-150x150.png",150,150,true],"medium":["https:\/\/gombalampas.com\/wp-content\/uploads\/2024\/12\/Neutral-Brown-Rustic-Texture-Photo-Beauty-Gift-Certificate-masolata-masolata-1-300x213.png",300,213,true],"medium_large":["https:\/\/gombalampas.com\/wp-content\/uploads\/2024\/12\/Neutral-Brown-Rustic-Texture-Photo-Beauty-Gift-Certificate-masolata-masolata-1-768x545.png",768,545,true],"large":["https:\/\/gombalampas.com\/wp-content\/uploads\/2024\/12\/Neutral-Brown-Rustic-Texture-Photo-Beauty-Gift-Certificate-masolata-masolata-1-1024x727.png",1024,727,true],"1536x1536":["https:\/\/gombalampas.com\/wp-content\/uploads\/2024\/12\/Neutral-Brown-Rustic-Texture-Photo-Beauty-Gift-Certificate-masolata-masolata-1-1536x1090.png",1536,1090,true],"2048x2048":["https:\/\/gombalampas.com\/wp-content\/uploads\/2024\/12\/Neutral-Brown-Rustic-Texture-Photo-Beauty-Gift-Certificate-masolata-masolata-1.png",1748,1241,false],"trp-custom-language-flag":["https:\/\/gombalampas.com\/wp-content\/uploads\/2024\/12\/Neutral-Brown-Rustic-Texture-Photo-Beauty-Gift-Certificate-masolata-masolata-1-18x12.png",18,12,true],"woocommerce_thumbnail":["https:\/\/gombalampas.com\/wp-content\/uploads\/2024\/12\/Neutral-Brown-Rustic-Texture-Photo-Beauty-Gift-Certificate-masolata-masolata-1-300x300.png",300,300,true],"woocommerce_single":["https:\/\/gombalampas.com\/wp-content\/uploads\/2024\/12\/Neutral-Brown-Rustic-Texture-Photo-Beauty-Gift-Certificate-masolata-masolata-1-600x426.png",600,426,true],"woocommerce_gallery_thumbnail":["https:\/\/gombalampas.com\/wp-content\/uploads\/2024\/12\/Neutral-Brown-Rustic-Texture-Photo-Beauty-Gift-Certificate-masolata-masolata-1-100x100.png",100,100,true],"dgwt-wcas-product-suggestion":["https:\/\/gombalampas.com\/wp-content\/uploads\/2024\/12\/Neutral-Brown-Rustic-Texture-Photo-Beauty-Gift-Certificate-masolata-masolata-1.png",64,45,false]},"uagb_author_info":{"display_name":"Szathm\u00e1ry Hanna","author_link":"https:\/\/gombalampas.com\/en\/author\/"},"uagb_comment_info":0,"uagb_excerpt":"Nem tudsz v\u00e1lasztani? Lepd meg szeretted egy utalv\u00e1nnyal, \u00edgy a v\u00e1laszt\u00e1s az \u0151 kez\u00e9ben lesz! Gyors, egyszer\u0171 v\u00e1laszt\u00e1s, ha elveszn\u00e9l a gombarengetegben. Az utalv\u00e1ny a ki\u00e1ll\u00edt\u00e1st\u00f3l sz\u00e1m\u00edtva f\u00e9l \u00e9vig \u00e9rv\u00e9nyes \u00e9s b\u00e1rmely Gombal\u00e1mp\u00e1s term\u00e9kre bev\u00e1lthat\u00f3. K\u00e9szp\u00e9nzre semmilyen esetben nem v\u00e1lthat\u00f3. &nbsp; A megjegyz\u00e9s rovatba \u00edrd be k\u00e9rlek azt, akinek a nev\u00e9re sz\u00f3lni fog az utalv\u00e1ny.","_links":{"self":[{"href":"https:\/\/gombalampas.com\/en\/wp-json\/wp\/v2\/product\/2243","targetHints":{"allow":["GET"]}}],"collection":[{"href":"https:\/\/gombalampas.com\/en\/wp-json\/wp\/v2\/product"}],"about":[{"href":"https:\/\/gombalampas.com\/en\/wp-json\/wp\/v2\/types\/product"}],"replies":[{"embeddable":true,"href":"https:\/\/gombalampas.com\/en\/wp-json\/wp\/v2\/comments?post=2243"}],"version-history":[{"count":3,"href":"https:\/\/gombalampas.com\/en\/wp-json\/wp\/v2\/product\/2243\/revisions"}],"predecessor-version":[{"id":2254,"href":"https:\/\/gombalampas.com\/en\/wp-json\/wp\/v2\/product\/2243\/revisions\/2254"}],"wp:featuredmedia":[{"embeddable":true,"href":"https:\/\/gombalampas.com\/en\/wp-json\/wp\/v2\/media\/2246"}],"wp:attachment":[{"href":"https:\/\/gombalampas.com\/en\/wp-json\/wp\/v2\/media?parent=2243"}],"wp:term":[{"taxonomy":"product_brand","embeddable":true,"href":"https:\/\/gombalampas.com\/en\/wp-json\/wp\/v2\/product_brand?post=2243"},{"taxonomy":"product_cat","embeddable":true,"href":"https:\/\/gombalampas.com\/en\/wp-json\/wp\/v2\/product_cat?post=2243"},{"taxonomy":"product_tag","embeddable":true,"href":"https:\/\/gombalampas.com\/en\/wp-json\/wp\/v2\/product_tag?post=2243"}],"curies":[{"name":"wp","href":"https:\/\/api.w.org\/{rel}","templated":true}]}}