{"id":2264,"date":"2024-12-21T18:11:19","date_gmt":"2024-12-21T17:11:19","guid":{"rendered":"https:\/\/gombalampas.com\/?post_type=product&#038;p=2264"},"modified":"2026-04-26T15:25:30","modified_gmt":"2026-04-26T13:25:30","slug":"kisburas","status":"publish","type":"product","link":"https:\/\/gombalampas.com\/en\/product\/kisburas\/","title":{"rendered":"Small Gombal\u00e1mp\u00e1s Under Glass Dome"},"content":{"rendered":"<p>Medium mushroom-shaped lamp with 10 small mushrooms.<\/p>\n<p style=\"text-align: left;\">Dimensions:<\/p>\n<p>Height: 16 cm<\/p>\n<p>Width: 14 cm<\/p>","protected":false},"excerpt":{"rendered":"<p>K\u00f6zepes b\u00far\u00e1s Gombal\u00e1mp\u00e1s 10 darab gomb\u00e1csk\u00e1val. M\u00e9retei: Magass\u00e1g: 16 cm Sz\u00e9less\u00e9g: 14 cm<\/p>","protected":false},"featured_media":2565,"comment_status":"open","ping_status":"closed","template":"","meta":{"_uag_custom_page_level_css":"","site-sidebar-layout":"default","site-content-layout":"","ast-site-content-layout":"default","site-content-style":"default","site-sidebar-style":"default","ast-global-header-display":"","ast-banner-title-visibility":"","ast-main-header-display":"","ast-hfb-above-header-display":"","ast-hfb-below-header-display":"","ast-hfb-mobile-header-display":"","site-post-title":"","ast-breadcrumbs-content":"","ast-featured-img":"","footer-sml-layout":"","theme-transparent-header-meta":"default","adv-header-id-meta":"","stick-header-meta":"","header-above-stick-meta":"","header-main-stick-meta":"","header-below-stick-meta":"","astra-migrate-meta-layouts":"set","ast-page-background-enabled":"default","ast-page-background-meta":{"desktop":{"background-color":"var(--ast-global-color-4)","background-image":"","background-repeat":"repeat","background-position":"center center","background-size":"auto","background-attachment":"scroll","background-type":"","background-media":"","overlay-type":"","overlay-color":"","overlay-opacity":"","overlay-gradient":""},"tablet":{"background-color":"","background-image":"","background-repeat":"repeat","background-position":"center center","background-size":"auto","background-attachment":"scroll","background-type":"","background-media":"","overlay-type":"","overlay-color":"","overlay-opacity":"","overlay-gradient":""},"mobile":{"background-color":"","background-image":"","background-repeat":"repeat","background-position":"center center","background-size":"auto","background-attachment":"scroll","background-type":"","background-media":"","overlay-type":"","overlay-color":"","overlay-opacity":"","overlay-gradient":""}},"ast-content-background-meta":{"desktop":{"background-color":"var(--ast-global-color-5)","background-image":"","background-repeat":"repeat","background-position":"center center","background-size":"auto","background-attachment":"scroll","background-type":"","background-media":"","overlay-type":"","overlay-color":"","overlay-opacity":"","overlay-gradient":""},"tablet":{"background-color":"var(--ast-global-color-5)","background-image":"","background-repeat":"repeat","background-position":"center center","background-size":"auto","background-attachment":"scroll","background-type":"","background-media":"","overlay-type":"","overlay-color":"","overlay-opacity":"","overlay-gradient":""},"mobile":{"background-color":"var(--ast-global-color-5)","background-image":"","background-repeat":"repeat","background-position":"center center","background-size":"auto","background-attachment":"scroll","background-type":"","background-media":"","overlay-type":"","overlay-color":"","overlay-opacity":"","overlay-gradient":""}}},"product_brand":[],"product_cat":[101],"product_tag":[],"class_list":{"0":"post-2264","1":"product","2":"type-product","3":"status-publish","4":"has-post-thumbnail","6":"product_cat-uvegburas-lampasok","7":"product_shipping_class-torekeny","8":"desktop-align-left","9":"tablet-align-left","10":"mobile-align-left","12":"first","13":"onbackorder","14":"shipping-taxable","15":"purchasable","16":"product-type-variable"},"uagb_featured_image_src":{"full":["https:\/\/gombalampas.com\/wp-content\/uploads\/2025\/03\/9-scaled.jpeg",2560,1707,false],"thumbnail":["https:\/\/gombalampas.com\/wp-content\/uploads\/2025\/03\/9-150x150.jpeg",150,150,true],"medium":["https:\/\/gombalampas.com\/wp-content\/uploads\/2025\/03\/9-300x200.jpeg",300,200,true],"medium_large":["https:\/\/gombalampas.com\/wp-content\/uploads\/2025\/03\/9-768x512.jpeg",768,512,true],"large":["https:\/\/gombalampas.com\/wp-content\/uploads\/2025\/03\/9-1024x683.jpeg",1024,683,true],"1536x1536":["https:\/\/gombalampas.com\/wp-content\/uploads\/2025\/03\/9-1536x1024.jpeg",1536,1024,true],"2048x2048":["https:\/\/gombalampas.com\/wp-content\/uploads\/2025\/03\/9-2048x1365.jpeg",2048,1365,true],"trp-custom-language-flag":["https:\/\/gombalampas.com\/wp-content\/uploads\/2025\/03\/9-18x12.jpeg",18,12,true],"woocommerce_thumbnail":["https:\/\/gombalampas.com\/wp-content\/uploads\/2025\/03\/9-300x300.jpeg",300,300,true],"woocommerce_single":["https:\/\/gombalampas.com\/wp-content\/uploads\/2025\/03\/9-600x400.jpeg",600,400,true],"woocommerce_gallery_thumbnail":["https:\/\/gombalampas.com\/wp-content\/uploads\/2025\/03\/9-100x100.jpeg",100,100,true],"dgwt-wcas-product-suggestion":["https:\/\/gombalampas.com\/wp-content\/uploads\/2025\/03\/9-scaled.jpeg",64,43,false]},"uagb_author_info":{"display_name":"Szathm\u00e1ry Hanna","author_link":"https:\/\/gombalampas.com\/en\/author\/"},"uagb_comment_info":0,"uagb_excerpt":"K\u00f6zepes b\u00far\u00e1s Gombal\u00e1mp\u00e1s 10 darab gomb\u00e1csk\u00e1val. M\u00e9retei: Magass\u00e1g: 16 cm Sz\u00e9less\u00e9g: 14 cm","_links":{"self":[{"href":"https:\/\/gombalampas.com\/en\/wp-json\/wp\/v2\/product\/2264","targetHints":{"allow":["GET"]}}],"collection":[{"href":"https:\/\/gombalampas.com\/en\/wp-json\/wp\/v2\/product"}],"about":[{"href":"https:\/\/gombalampas.com\/en\/wp-json\/wp\/v2\/types\/product"}],"replies":[{"embeddable":true,"href":"https:\/\/gombalampas.com\/en\/wp-json\/wp\/v2\/comments?post=2264"}],"version-history":[{"count":4,"href":"https:\/\/gombalampas.com\/en\/wp-json\/wp\/v2\/product\/2264\/revisions"}],"predecessor-version":[{"id":3235,"href":"https:\/\/gombalampas.com\/en\/wp-json\/wp\/v2\/product\/2264\/revisions\/3235"}],"wp:featuredmedia":[{"embeddable":true,"href":"https:\/\/gombalampas.com\/en\/wp-json\/wp\/v2\/media\/2565"}],"wp:attachment":[{"href":"https:\/\/gombalampas.com\/en\/wp-json\/wp\/v2\/media?parent=2264"}],"wp:term":[{"taxonomy":"product_brand","embeddable":true,"href":"https:\/\/gombalampas.com\/en\/wp-json\/wp\/v2\/product_brand?post=2264"},{"taxonomy":"product_cat","embeddable":true,"href":"https:\/\/gombalampas.com\/en\/wp-json\/wp\/v2\/product_cat?post=2264"},{"taxonomy":"product_tag","embeddable":true,"href":"https:\/\/gombalampas.com\/en\/wp-json\/wp\/v2\/product_tag?post=2264"}],"curies":[{"name":"wp","href":"https:\/\/api.w.org\/{rel}","templated":true}]}}