{"id":2308,"date":"2025-01-28T12:19:18","date_gmt":"2025-01-28T11:19:18","guid":{"rendered":"https:\/\/gombalampas.com\/?post_type=product&#038;p=2308"},"modified":"2026-02-03T10:52:55","modified_gmt":"2026-02-03T09:52:55","slug":"masik-felem","status":"publish","type":"product","link":"https:\/\/gombalampas.com\/en\/product\/masik-felem\/","title":{"rendered":"My other half"},"content":{"rendered":"<p>EL\u0150RENDELHET\u0150 FEBRU\u00c1RRA<br \/>\nOne of the most special Mushroom Lamps so far, \"My Other Half.\" Surprise your other half with the matching piece of your Mushroom Lamp!<\/p>\n<p>This lamp consists of two pieces, which, when joined together, form a complete heart-shaped Mushroom Lamp. A total of 30 tufted-cap mushrooms adorn the design. Each piece operates with a CR2032 button battery. No two are exactly alike, just as no two couples are the same, so please understand that the image is for illustration purposes only.<\/p>\n<p>This piece is also part of the limited Valentine's Day collection, available in a restricted quantity.<\/p>","protected":false},"excerpt":{"rendered":"<p>EL\u0150RENDELHET\u0150 FEBRU\u00c1RRA Az eddigi tal\u00e1n egyik legk\u00fcl\u00f6nlegesebb Gombal\u00e1mp\u00e1s, a \u201cM\u00e1sik felem\u201d. Lepj\u00e9tek meg m\u00e1sik feleteket Gombal\u00e1mp\u00e1sotok m\u00e1sik fel\u00e9vel! Ez a l\u00e1mp\u00e1s 2 darabb\u00f3l \u00e1ll, a 2 darabot \u00f6sszeillesztve eg\u00e9sz sz\u00edv alak\u00fa \u00a0Gombal\u00e1mp\u00e1st kapunk. \u00d6sszesen 30 darab b\u00fabos kalapos gomba d\u00edsz\u00edti. 1-1 CR2032-es Gombelemmel m\u0171k\u00f6dnek. Nincs k\u00e9t egyforma, ahogyan k\u00e9t egyforma p\u00e1r sem, \u00edgy k\u00e9rlek \u00e9rtsd [&hellip;]<\/p>","protected":false},"featured_media":2309,"comment_status":"open","ping_status":"closed","template":"","meta":{"_uag_custom_page_level_css":"","site-sidebar-layout":"default","site-content-layout":"","ast-site-content-layout":"default","site-content-style":"default","site-sidebar-style":"default","ast-global-header-display":"","ast-banner-title-visibility":"","ast-main-header-display":"","ast-hfb-above-header-display":"","ast-hfb-below-header-display":"","ast-hfb-mobile-header-display":"","site-post-title":"","ast-breadcrumbs-content":"","ast-featured-img":"","footer-sml-layout":"","theme-transparent-header-meta":"default","adv-header-id-meta":"","stick-header-meta":"","header-above-stick-meta":"","header-main-stick-meta":"","header-below-stick-meta":"","astra-migrate-meta-layouts":"set","ast-page-background-enabled":"default","ast-page-background-meta":{"desktop":{"background-color":"var(--ast-global-color-4)","background-image":"","background-repeat":"repeat","background-position":"center center","background-size":"auto","background-attachment":"scroll","background-type":"","background-media":"","overlay-type":"","overlay-color":"","overlay-opacity":"","overlay-gradient":""},"tablet":{"background-color":"","background-image":"","background-repeat":"repeat","background-position":"center center","background-size":"auto","background-attachment":"scroll","background-type":"","background-media":"","overlay-type":"","overlay-color":"","overlay-opacity":"","overlay-gradient":""},"mobile":{"background-color":"","background-image":"","background-repeat":"repeat","background-position":"center center","background-size":"auto","background-attachment":"scroll","background-type":"","background-media":"","overlay-type":"","overlay-color":"","overlay-opacity":"","overlay-gradient":""}},"ast-content-background-meta":{"desktop":{"background-color":"var(--ast-global-color-5)","background-image":"","background-repeat":"repeat","background-position":"center center","background-size":"auto","background-attachment":"scroll","background-type":"","background-media":"","overlay-type":"","overlay-color":"","overlay-opacity":"","overlay-gradient":""},"tablet":{"background-color":"var(--ast-global-color-5)","background-image":"","background-repeat":"repeat","background-position":"center center","background-size":"auto","background-attachment":"scroll","background-type":"","background-media":"","overlay-type":"","overlay-color":"","overlay-opacity":"","overlay-gradient":""},"mobile":{"background-color":"var(--ast-global-color-5)","background-image":"","background-repeat":"repeat","background-position":"center center","background-size":"auto","background-attachment":"scroll","background-type":"","background-media":"","overlay-type":"","overlay-color":"","overlay-opacity":"","overlay-gradient":""}}},"product_brand":[],"product_cat":[81,99],"product_tag":[],"class_list":{"0":"post-2308","1":"product","2":"type-product","3":"status-publish","4":"has-post-thumbnail","6":"product_cat-limitalt-lampasok","7":"product_cat-valentin-napi-lampasok","8":"product_shipping_class-torekeny","9":"desktop-align-left","10":"tablet-align-left","11":"mobile-align-left","13":"first","14":"outofstock","15":"shipping-taxable","16":"purchasable","17":"product-type-simple"},"uagb_featured_image_src":{"full":["https:\/\/gombalampas.com\/wp-content\/uploads\/2025\/01\/10-scaled.jpeg",2560,1707,false],"thumbnail":["https:\/\/gombalampas.com\/wp-content\/uploads\/2025\/01\/10-150x150.jpeg",150,150,true],"medium":["https:\/\/gombalampas.com\/wp-content\/uploads\/2025\/01\/10-300x200.jpeg",300,200,true],"medium_large":["https:\/\/gombalampas.com\/wp-content\/uploads\/2025\/01\/10-768x512.jpeg",768,512,true],"large":["https:\/\/gombalampas.com\/wp-content\/uploads\/2025\/01\/10-1024x683.jpeg",1024,683,true],"1536x1536":["https:\/\/gombalampas.com\/wp-content\/uploads\/2025\/01\/10-1536x1024.jpeg",1536,1024,true],"2048x2048":["https:\/\/gombalampas.com\/wp-content\/uploads\/2025\/01\/10-2048x1365.jpeg",2048,1365,true],"trp-custom-language-flag":["https:\/\/gombalampas.com\/wp-content\/uploads\/2025\/01\/10-18x12.jpeg",18,12,true],"woocommerce_thumbnail":["https:\/\/gombalampas.com\/wp-content\/uploads\/2025\/01\/10-300x300.jpeg",300,300,true],"woocommerce_single":["https:\/\/gombalampas.com\/wp-content\/uploads\/2025\/01\/10-600x400.jpeg",600,400,true],"woocommerce_gallery_thumbnail":["https:\/\/gombalampas.com\/wp-content\/uploads\/2025\/01\/10-100x100.jpeg",100,100,true],"dgwt-wcas-product-suggestion":["https:\/\/gombalampas.com\/wp-content\/uploads\/2025\/01\/10-scaled.jpeg",64,43,false]},"uagb_author_info":{"display_name":"Szathm\u00e1ry Hanna","author_link":"https:\/\/gombalampas.com\/en\/author\/"},"uagb_comment_info":0,"uagb_excerpt":"EL\u0150RENDELHET\u0150 FEBRU\u00c1RRA Az eddigi tal\u00e1n egyik legk\u00fcl\u00f6nlegesebb Gombal\u00e1mp\u00e1s, a \u201cM\u00e1sik felem\u201d. Lepj\u00e9tek meg m\u00e1sik feleteket Gombal\u00e1mp\u00e1sotok m\u00e1sik fel\u00e9vel! Ez a l\u00e1mp\u00e1s 2 darabb\u00f3l \u00e1ll, a 2 darabot \u00f6sszeillesztve eg\u00e9sz sz\u00edv alak\u00fa \u00a0Gombal\u00e1mp\u00e1st kapunk. \u00d6sszesen 30 darab b\u00fabos kalapos gomba d\u00edsz\u00edti. 1-1 CR2032-es Gombelemmel m\u0171k\u00f6dnek. Nincs k\u00e9t egyforma, ahogyan k\u00e9t egyforma p\u00e1r sem, \u00edgy k\u00e9rlek \u00e9rtsd&hellip;","_links":{"self":[{"href":"https:\/\/gombalampas.com\/en\/wp-json\/wp\/v2\/product\/2308","targetHints":{"allow":["GET"]}}],"collection":[{"href":"https:\/\/gombalampas.com\/en\/wp-json\/wp\/v2\/product"}],"about":[{"href":"https:\/\/gombalampas.com\/en\/wp-json\/wp\/v2\/types\/product"}],"replies":[{"embeddable":true,"href":"https:\/\/gombalampas.com\/en\/wp-json\/wp\/v2\/comments?post=2308"}],"version-history":[{"count":2,"href":"https:\/\/gombalampas.com\/en\/wp-json\/wp\/v2\/product\/2308\/revisions"}],"predecessor-version":[{"id":3467,"href":"https:\/\/gombalampas.com\/en\/wp-json\/wp\/v2\/product\/2308\/revisions\/3467"}],"wp:featuredmedia":[{"embeddable":true,"href":"https:\/\/gombalampas.com\/en\/wp-json\/wp\/v2\/media\/2309"}],"wp:attachment":[{"href":"https:\/\/gombalampas.com\/en\/wp-json\/wp\/v2\/media?parent=2308"}],"wp:term":[{"taxonomy":"product_brand","embeddable":true,"href":"https:\/\/gombalampas.com\/en\/wp-json\/wp\/v2\/product_brand?post=2308"},{"taxonomy":"product_cat","embeddable":true,"href":"https:\/\/gombalampas.com\/en\/wp-json\/wp\/v2\/product_cat?post=2308"},{"taxonomy":"product_tag","embeddable":true,"href":"https:\/\/gombalampas.com\/en\/wp-json\/wp\/v2\/product_tag?post=2308"}],"curies":[{"name":"wp","href":"https:\/\/api.w.org\/{rel}","templated":true}]}}