{"id":2312,"date":"2025-01-28T12:27:27","date_gmt":"2025-01-28T11:27:27","guid":{"rendered":"https:\/\/gombalampas.com\/?post_type=product&#038;p=2312"},"modified":"2026-04-18T14:41:10","modified_gmt":"2026-04-18T12:41:10","slug":"sziv-koszoru","status":"publish","type":"product","link":"https:\/\/gombalampas.com\/en\/product\/sziv-koszoru\/","title":{"rendered":"Heart wreath"},"content":{"rendered":"<p style=\"text-align: left;\">This Mushroom Lamp is available in two versions, brown and white.<\/p>\n<p>It can be a special decoration for your loved one's home, as it can be hung up or propped up anywhere in the house.<\/p>\n<p>The wreath is adorned with 9 tufted-cap mushrooms and operates with one CR2032 battery.<\/p>","protected":false},"excerpt":{"rendered":"<p>Ez a gombal\u00e1mp\u00e1s 2 f\u00e9le verzi\u00f3ban \u00e9rhet\u0151 el, barna \u00e9s feh\u00e9r sz\u00edben. K\u00fcl\u00f6nleges d\u00edsze lehet kedvesed otthon\u00e1nak, mivel ak\u00e1r felakasztva, de kit\u00e1masztva is tarthatja a lak\u00e1s b\u00e1rmely pontj\u00e1n. 9 darab b\u00fabos kalapos gomba d\u00edsz\u00edti a koszor\u00fat \u00e9s 1 darab CR2032-es elemmel \u00fczemel.<\/p>","protected":false},"featured_media":2315,"comment_status":"open","ping_status":"closed","template":"","meta":{"_uag_custom_page_level_css":"","site-sidebar-layout":"default","site-content-layout":"","ast-site-content-layout":"default","site-content-style":"default","site-sidebar-style":"default","ast-global-header-display":"","ast-banner-title-visibility":"","ast-main-header-display":"","ast-hfb-above-header-display":"","ast-hfb-below-header-display":"","ast-hfb-mobile-header-display":"","site-post-title":"","ast-breadcrumbs-content":"","ast-featured-img":"","footer-sml-layout":"","theme-transparent-header-meta":"default","adv-header-id-meta":"","stick-header-meta":"","header-above-stick-meta":"","header-main-stick-meta":"","header-below-stick-meta":"","astra-migrate-meta-layouts":"set","ast-page-background-enabled":"default","ast-page-background-meta":{"desktop":{"background-color":"var(--ast-global-color-4)","background-image":"","background-repeat":"repeat","background-position":"center center","background-size":"auto","background-attachment":"scroll","background-type":"","background-media":"","overlay-type":"","overlay-color":"","overlay-opacity":"","overlay-gradient":""},"tablet":{"background-color":"","background-image":"","background-repeat":"repeat","background-position":"center center","background-size":"auto","background-attachment":"scroll","background-type":"","background-media":"","overlay-type":"","overlay-color":"","overlay-opacity":"","overlay-gradient":""},"mobile":{"background-color":"","background-image":"","background-repeat":"repeat","background-position":"center center","background-size":"auto","background-attachment":"scroll","background-type":"","background-media":"","overlay-type":"","overlay-color":"","overlay-opacity":"","overlay-gradient":""}},"ast-content-background-meta":{"desktop":{"background-color":"var(--ast-global-color-5)","background-image":"","background-repeat":"repeat","background-position":"center center","background-size":"auto","background-attachment":"scroll","background-type":"","background-media":"","overlay-type":"","overlay-color":"","overlay-opacity":"","overlay-gradient":""},"tablet":{"background-color":"var(--ast-global-color-5)","background-image":"","background-repeat":"repeat","background-position":"center center","background-size":"auto","background-attachment":"scroll","background-type":"","background-media":"","overlay-type":"","overlay-color":"","overlay-opacity":"","overlay-gradient":""},"mobile":{"background-color":"var(--ast-global-color-5)","background-image":"","background-repeat":"repeat","background-position":"center center","background-size":"auto","background-attachment":"scroll","background-type":"","background-media":"","overlay-type":"","overlay-color":"","overlay-opacity":"","overlay-gradient":""}}},"product_brand":[],"product_cat":[103,104,99],"product_tag":[],"class_list":{"0":"post-2312","1":"product","2":"type-product","3":"status-publish","4":"has-post-thumbnail","6":"product_cat-anyak-napi-lampasok","7":"product_cat-koszoruk","8":"product_cat-valentin-napi-lampasok","9":"product_shipping_class-torekeny","10":"desktop-align-left","11":"tablet-align-left","12":"mobile-align-left","14":"first","15":"onbackorder","16":"shipping-taxable","17":"purchasable","18":"product-type-variable"},"uagb_featured_image_src":{"full":["https:\/\/gombalampas.com\/wp-content\/uploads\/2025\/01\/13-scaled.jpeg",2560,1707,false],"thumbnail":["https:\/\/gombalampas.com\/wp-content\/uploads\/2025\/01\/13-150x150.jpeg",150,150,true],"medium":["https:\/\/gombalampas.com\/wp-content\/uploads\/2025\/01\/13-300x200.jpeg",300,200,true],"medium_large":["https:\/\/gombalampas.com\/wp-content\/uploads\/2025\/01\/13-768x512.jpeg",768,512,true],"large":["https:\/\/gombalampas.com\/wp-content\/uploads\/2025\/01\/13-1024x683.jpeg",1024,683,true],"1536x1536":["https:\/\/gombalampas.com\/wp-content\/uploads\/2025\/01\/13-1536x1024.jpeg",1536,1024,true],"2048x2048":["https:\/\/gombalampas.com\/wp-content\/uploads\/2025\/01\/13-2048x1365.jpeg",2048,1365,true],"trp-custom-language-flag":["https:\/\/gombalampas.com\/wp-content\/uploads\/2025\/01\/13-18x12.jpeg",18,12,true],"woocommerce_thumbnail":["https:\/\/gombalampas.com\/wp-content\/uploads\/2025\/01\/13-300x300.jpeg",300,300,true],"woocommerce_single":["https:\/\/gombalampas.com\/wp-content\/uploads\/2025\/01\/13-600x400.jpeg",600,400,true],"woocommerce_gallery_thumbnail":["https:\/\/gombalampas.com\/wp-content\/uploads\/2025\/01\/13-100x100.jpeg",100,100,true],"dgwt-wcas-product-suggestion":["https:\/\/gombalampas.com\/wp-content\/uploads\/2025\/01\/13-scaled.jpeg",64,43,false]},"uagb_author_info":{"display_name":"Szathm\u00e1ry Hanna","author_link":"https:\/\/gombalampas.com\/en\/author\/"},"uagb_comment_info":0,"uagb_excerpt":"Ez a gombal\u00e1mp\u00e1s 2 f\u00e9le verzi\u00f3ban \u00e9rhet\u0151 el, barna \u00e9s feh\u00e9r sz\u00edben. K\u00fcl\u00f6nleges d\u00edsze lehet kedvesed otthon\u00e1nak, mivel ak\u00e1r felakasztva, de kit\u00e1masztva is tarthatja a lak\u00e1s b\u00e1rmely pontj\u00e1n. 9 darab b\u00fabos kalapos gomba d\u00edsz\u00edti a koszor\u00fat \u00e9s 1 darab CR2032-es elemmel \u00fczemel.","_links":{"self":[{"href":"https:\/\/gombalampas.com\/en\/wp-json\/wp\/v2\/product\/2312","targetHints":{"allow":["GET"]}}],"collection":[{"href":"https:\/\/gombalampas.com\/en\/wp-json\/wp\/v2\/product"}],"about":[{"href":"https:\/\/gombalampas.com\/en\/wp-json\/wp\/v2\/types\/product"}],"replies":[{"embeddable":true,"href":"https:\/\/gombalampas.com\/en\/wp-json\/wp\/v2\/comments?post=2312"}],"version-history":[{"count":4,"href":"https:\/\/gombalampas.com\/en\/wp-json\/wp\/v2\/product\/2312\/revisions"}],"predecessor-version":[{"id":3121,"href":"https:\/\/gombalampas.com\/en\/wp-json\/wp\/v2\/product\/2312\/revisions\/3121"}],"wp:featuredmedia":[{"embeddable":true,"href":"https:\/\/gombalampas.com\/en\/wp-json\/wp\/v2\/media\/2315"}],"wp:attachment":[{"href":"https:\/\/gombalampas.com\/en\/wp-json\/wp\/v2\/media?parent=2312"}],"wp:term":[{"taxonomy":"product_brand","embeddable":true,"href":"https:\/\/gombalampas.com\/en\/wp-json\/wp\/v2\/product_brand?post=2312"},{"taxonomy":"product_cat","embeddable":true,"href":"https:\/\/gombalampas.com\/en\/wp-json\/wp\/v2\/product_cat?post=2312"},{"taxonomy":"product_tag","embeddable":true,"href":"https:\/\/gombalampas.com\/en\/wp-json\/wp\/v2\/product_tag?post=2312"}],"curies":[{"name":"wp","href":"https:\/\/api.w.org\/{rel}","templated":true}]}}