{"id":2338,"date":"2025-01-28T12:35:18","date_gmt":"2025-01-28T11:35:18","guid":{"rendered":"https:\/\/gombalampas.com\/?post_type=product&#038;p=2338"},"modified":"2026-04-24T07:28:24","modified_gmt":"2026-04-24T05:28:24","slug":"ketten","status":"publish","type":"product","link":"https:\/\/gombalampas.com\/en\/product\/ketten\/","title":{"rendered":"Ketten &#8211; Any\u00e1k napja"},"content":{"rendered":"<blockquote><p>This Mushroom Lamp symbolizes you two. Whether you're cuddled up or tangled together, you're sure to see yourselves in this adorable piece.<\/p><\/blockquote>\n<p>Two small tufted-cap mushrooms lean on each other under the glass dome, symbolizing their connection. This piece is also part of the Valentine's Day collection, available in a limited edition.<\/p>\n<p>&nbsp;<\/p>\n<p>The lamp operates with one CR2032 battery.<\/p>","protected":false},"excerpt":{"rendered":"<p>Ez a Gombal\u00e1mp\u00e1s Titeket szimboliz\u00e1l. Lehettek \u00f6sszeb\u00fajva, vagy \u00e9ppen egym\u00e1sba gabalyodva, biztosan megtal\u00e1lj\u00e1tok magatokat ebben a cukis\u00e1gban. 2 darab kis b\u00fabos kalapos gomba sz\u00e1m\u00edt egym\u00e1sra az \u00fcvegb\u00fara alatt. Ez is a Valentin napi kollekci\u00f3 r\u00e9sze, limit\u00e1lt sz\u00e1mban el\u00e9rhet\u0151. &nbsp; A l\u00e1mp\u00e1s 1 darab CR2032-es elemmel m\u0171k\u00f6dik.<\/p>","protected":false},"featured_media":2320,"comment_status":"open","ping_status":"closed","template":"","meta":{"_uag_custom_page_level_css":"","site-sidebar-layout":"default","site-content-layout":"","ast-site-content-layout":"default","site-content-style":"default","site-sidebar-style":"default","ast-global-header-display":"","ast-banner-title-visibility":"","ast-main-header-display":"","ast-hfb-above-header-display":"","ast-hfb-below-header-display":"","ast-hfb-mobile-header-display":"","site-post-title":"","ast-breadcrumbs-content":"","ast-featured-img":"","footer-sml-layout":"","theme-transparent-header-meta":"default","adv-header-id-meta":"","stick-header-meta":"","header-above-stick-meta":"","header-main-stick-meta":"","header-below-stick-meta":"","astra-migrate-meta-layouts":"set","ast-page-background-enabled":"default","ast-page-background-meta":{"desktop":{"background-color":"var(--ast-global-color-4)","background-image":"","background-repeat":"repeat","background-position":"center center","background-size":"auto","background-attachment":"scroll","background-type":"","background-media":"","overlay-type":"","overlay-color":"","overlay-opacity":"","overlay-gradient":""},"tablet":{"background-color":"","background-image":"","background-repeat":"repeat","background-position":"center center","background-size":"auto","background-attachment":"scroll","background-type":"","background-media":"","overlay-type":"","overlay-color":"","overlay-opacity":"","overlay-gradient":""},"mobile":{"background-color":"","background-image":"","background-repeat":"repeat","background-position":"center center","background-size":"auto","background-attachment":"scroll","background-type":"","background-media":"","overlay-type":"","overlay-color":"","overlay-opacity":"","overlay-gradient":""}},"ast-content-background-meta":{"desktop":{"background-color":"var(--ast-global-color-5)","background-image":"","background-repeat":"repeat","background-position":"center center","background-size":"auto","background-attachment":"scroll","background-type":"","background-media":"","overlay-type":"","overlay-color":"","overlay-opacity":"","overlay-gradient":""},"tablet":{"background-color":"var(--ast-global-color-5)","background-image":"","background-repeat":"repeat","background-position":"center center","background-size":"auto","background-attachment":"scroll","background-type":"","background-media":"","overlay-type":"","overlay-color":"","overlay-opacity":"","overlay-gradient":""},"mobile":{"background-color":"var(--ast-global-color-5)","background-image":"","background-repeat":"repeat","background-position":"center center","background-size":"auto","background-attachment":"scroll","background-type":"","background-media":"","overlay-type":"","overlay-color":"","overlay-opacity":"","overlay-gradient":""}}},"product_brand":[],"product_cat":[103,101,99],"product_tag":[],"class_list":{"0":"post-2338","1":"product","2":"type-product","3":"status-publish","4":"has-post-thumbnail","6":"product_cat-anyak-napi-lampasok","7":"product_cat-uvegburas-lampasok","8":"product_cat-valentin-napi-lampasok","9":"product_shipping_class-torekeny","10":"desktop-align-left","11":"tablet-align-left","12":"mobile-align-left","14":"first","15":"onbackorder","16":"shipping-taxable","17":"purchasable","18":"product-type-variable"},"uagb_featured_image_src":{"full":["https:\/\/gombalampas.com\/wp-content\/uploads\/2025\/01\/18-scaled.jpeg",2560,1707,false],"thumbnail":["https:\/\/gombalampas.com\/wp-content\/uploads\/2025\/01\/18-150x150.jpeg",150,150,true],"medium":["https:\/\/gombalampas.com\/wp-content\/uploads\/2025\/01\/18-300x200.jpeg",300,200,true],"medium_large":["https:\/\/gombalampas.com\/wp-content\/uploads\/2025\/01\/18-768x512.jpeg",768,512,true],"large":["https:\/\/gombalampas.com\/wp-content\/uploads\/2025\/01\/18-1024x683.jpeg",1024,683,true],"1536x1536":["https:\/\/gombalampas.com\/wp-content\/uploads\/2025\/01\/18-1536x1024.jpeg",1536,1024,true],"2048x2048":["https:\/\/gombalampas.com\/wp-content\/uploads\/2025\/01\/18-2048x1365.jpeg",2048,1365,true],"trp-custom-language-flag":["https:\/\/gombalampas.com\/wp-content\/uploads\/2025\/01\/18-18x12.jpeg",18,12,true],"woocommerce_thumbnail":["https:\/\/gombalampas.com\/wp-content\/uploads\/2025\/01\/18-300x300.jpeg",300,300,true],"woocommerce_single":["https:\/\/gombalampas.com\/wp-content\/uploads\/2025\/01\/18-600x400.jpeg",600,400,true],"woocommerce_gallery_thumbnail":["https:\/\/gombalampas.com\/wp-content\/uploads\/2025\/01\/18-100x100.jpeg",100,100,true],"dgwt-wcas-product-suggestion":["https:\/\/gombalampas.com\/wp-content\/uploads\/2025\/01\/18-scaled.jpeg",64,43,false]},"uagb_author_info":{"display_name":"Szathm\u00e1ry Hanna","author_link":"https:\/\/gombalampas.com\/en\/author\/"},"uagb_comment_info":0,"uagb_excerpt":"Ez a Gombal\u00e1mp\u00e1s Titeket szimboliz\u00e1l. Lehettek \u00f6sszeb\u00fajva, vagy \u00e9ppen egym\u00e1sba gabalyodva, biztosan megtal\u00e1lj\u00e1tok magatokat ebben a cukis\u00e1gban. 2 darab kis b\u00fabos kalapos gomba sz\u00e1m\u00edt egym\u00e1sra az \u00fcvegb\u00fara alatt. Ez is a Valentin napi kollekci\u00f3 r\u00e9sze, limit\u00e1lt sz\u00e1mban el\u00e9rhet\u0151. &nbsp; A l\u00e1mp\u00e1s 1 darab CR2032-es elemmel m\u0171k\u00f6dik.","_links":{"self":[{"href":"https:\/\/gombalampas.com\/en\/wp-json\/wp\/v2\/product\/2338","targetHints":{"allow":["GET"]}}],"collection":[{"href":"https:\/\/gombalampas.com\/en\/wp-json\/wp\/v2\/product"}],"about":[{"href":"https:\/\/gombalampas.com\/en\/wp-json\/wp\/v2\/types\/product"}],"replies":[{"embeddable":true,"href":"https:\/\/gombalampas.com\/en\/wp-json\/wp\/v2\/comments?post=2338"}],"version-history":[{"count":4,"href":"https:\/\/gombalampas.com\/en\/wp-json\/wp\/v2\/product\/2338\/revisions"}],"predecessor-version":[{"id":3709,"href":"https:\/\/gombalampas.com\/en\/wp-json\/wp\/v2\/product\/2338\/revisions\/3709"}],"wp:featuredmedia":[{"embeddable":true,"href":"https:\/\/gombalampas.com\/en\/wp-json\/wp\/v2\/media\/2320"}],"wp:attachment":[{"href":"https:\/\/gombalampas.com\/en\/wp-json\/wp\/v2\/media?parent=2338"}],"wp:term":[{"taxonomy":"product_brand","embeddable":true,"href":"https:\/\/gombalampas.com\/en\/wp-json\/wp\/v2\/product_brand?post=2338"},{"taxonomy":"product_cat","embeddable":true,"href":"https:\/\/gombalampas.com\/en\/wp-json\/wp\/v2\/product_cat?post=2338"},{"taxonomy":"product_tag","embeddable":true,"href":"https:\/\/gombalampas.com\/en\/wp-json\/wp\/v2\/product_tag?post=2338"}],"curies":[{"name":"wp","href":"https:\/\/api.w.org\/{rel}","templated":true}]}}