{"id":2382,"date":"2025-02-20T12:01:51","date_gmt":"2025-02-20T11:01:51","guid":{"rendered":"https:\/\/gombalampas.com\/?post_type=product&#038;p=2382"},"modified":"2026-04-17T17:22:33","modified_gmt":"2026-04-17T15:22:33","slug":"taplos-gombalampas-fali","status":"publish","type":"product","link":"https:\/\/gombalampas.com\/en\/product\/taplos-gombalampas-fali\/","title":{"rendered":"Polypor Hanging Lamp"},"content":{"rendered":"<blockquote><p>This Gombal\u00e1mp\u00e1s is already among the new-wave pieces. The log is adorned with 10 bracket fungi and can be hung on the wall. The switch is located at the bottom, and it runs on batteries, so you don't have to deal with cables. Like all my other products, this one is also decorated with live moss.<\/p><\/blockquote>\n<p>Since each piece is completely handmade, no two will ever be exactly the same. Please keep this in mind when placing your order. :)<\/p>","protected":false},"excerpt":{"rendered":"<p>Ez a Gombal\u00e1mp\u00e1s m\u00e1r az \u00fajhull\u00e1mos darabok k\u00f6z\u00e9 tartozik. 10 db tapl\u00f3gomba \u00e9kes\u00edti a far\u00f6nk\u00f6t, amelyet a falra akaszthatsz, kapcsol\u00f3j\u00e1t pedig alul tal\u00e1lod, elemmel m\u0171k\u00f6dik, \u00edgy nem kell a k\u00e1belekkel bajl\u00f3dnod. Mint b\u00e1rmely m\u00e1sik term\u00e9kemet, ezt is \u00e9l\u0151 moh\u00e1val \u00e9kes\u00edtem. Miut\u00e1n minden darab teljesen k\u00e9zzel k\u00e9sz\u00fcl, \u00edgy sosem lesz k\u00e9t egyforma, k\u00e9rlek ezt vedd figyelembe [&hellip;]<\/p>","protected":false},"featured_media":2383,"comment_status":"open","ping_status":"closed","template":"","meta":{"_uag_custom_page_level_css":"","site-sidebar-layout":"default","site-content-layout":"","ast-site-content-layout":"default","site-content-style":"default","site-sidebar-style":"default","ast-global-header-display":"","ast-banner-title-visibility":"","ast-main-header-display":"","ast-hfb-above-header-display":"","ast-hfb-below-header-display":"","ast-hfb-mobile-header-display":"","site-post-title":"","ast-breadcrumbs-content":"","ast-featured-img":"","footer-sml-layout":"","theme-transparent-header-meta":"default","adv-header-id-meta":"","stick-header-meta":"","header-above-stick-meta":"","header-main-stick-meta":"","header-below-stick-meta":"","astra-migrate-meta-layouts":"set","ast-page-background-enabled":"default","ast-page-background-meta":{"desktop":{"background-color":"var(--ast-global-color-4)","background-image":"","background-repeat":"repeat","background-position":"center center","background-size":"auto","background-attachment":"scroll","background-type":"","background-media":"","overlay-type":"","overlay-color":"","overlay-opacity":"","overlay-gradient":""},"tablet":{"background-color":"","background-image":"","background-repeat":"repeat","background-position":"center center","background-size":"auto","background-attachment":"scroll","background-type":"","background-media":"","overlay-type":"","overlay-color":"","overlay-opacity":"","overlay-gradient":""},"mobile":{"background-color":"","background-image":"","background-repeat":"repeat","background-position":"center center","background-size":"auto","background-attachment":"scroll","background-type":"","background-media":"","overlay-type":"","overlay-color":"","overlay-opacity":"","overlay-gradient":""}},"ast-content-background-meta":{"desktop":{"background-color":"var(--ast-global-color-5)","background-image":"","background-repeat":"repeat","background-position":"center center","background-size":"auto","background-attachment":"scroll","background-type":"","background-media":"","overlay-type":"","overlay-color":"","overlay-opacity":"","overlay-gradient":""},"tablet":{"background-color":"var(--ast-global-color-5)","background-image":"","background-repeat":"repeat","background-position":"center center","background-size":"auto","background-attachment":"scroll","background-type":"","background-media":"","overlay-type":"","overlay-color":"","overlay-opacity":"","overlay-gradient":""},"mobile":{"background-color":"var(--ast-global-color-5)","background-image":"","background-repeat":"repeat","background-position":"center center","background-size":"auto","background-attachment":"scroll","background-type":"","background-media":"","overlay-type":"","overlay-color":"","overlay-opacity":"","overlay-gradient":""}}},"product_brand":[],"product_cat":[102],"product_tag":[],"class_list":{"0":"post-2382","1":"product","2":"type-product","3":"status-publish","4":"has-post-thumbnail","6":"product_cat-fali-lampasok","7":"product_shipping_class-torekeny","8":"desktop-align-left","9":"tablet-align-left","10":"mobile-align-left","12":"first","13":"onbackorder","14":"shipping-taxable","15":"purchasable","16":"product-type-simple"},"uagb_featured_image_src":{"full":["https:\/\/gombalampas.com\/wp-content\/uploads\/2025\/02\/2ED1957A-8963-4661-9658-C0003668EA6F-scaled.jpeg",1707,2560,false],"thumbnail":["https:\/\/gombalampas.com\/wp-content\/uploads\/2025\/02\/2ED1957A-8963-4661-9658-C0003668EA6F-150x150.jpeg",150,150,true],"medium":["https:\/\/gombalampas.com\/wp-content\/uploads\/2025\/02\/2ED1957A-8963-4661-9658-C0003668EA6F-200x300.jpeg",200,300,true],"medium_large":["https:\/\/gombalampas.com\/wp-content\/uploads\/2025\/02\/2ED1957A-8963-4661-9658-C0003668EA6F-768x1152.jpeg",768,1152,true],"large":["https:\/\/gombalampas.com\/wp-content\/uploads\/2025\/02\/2ED1957A-8963-4661-9658-C0003668EA6F-683x1024.jpeg",683,1024,true],"1536x1536":["https:\/\/gombalampas.com\/wp-content\/uploads\/2025\/02\/2ED1957A-8963-4661-9658-C0003668EA6F-1024x1536.jpeg",1024,1536,true],"2048x2048":["https:\/\/gombalampas.com\/wp-content\/uploads\/2025\/02\/2ED1957A-8963-4661-9658-C0003668EA6F-1365x2048.jpeg",1365,2048,true],"trp-custom-language-flag":["https:\/\/gombalampas.com\/wp-content\/uploads\/2025\/02\/2ED1957A-8963-4661-9658-C0003668EA6F-8x12.jpeg",8,12,true],"woocommerce_thumbnail":["https:\/\/gombalampas.com\/wp-content\/uploads\/2025\/02\/2ED1957A-8963-4661-9658-C0003668EA6F-300x300.jpeg",300,300,true],"woocommerce_single":["https:\/\/gombalampas.com\/wp-content\/uploads\/2025\/02\/2ED1957A-8963-4661-9658-C0003668EA6F-600x900.jpeg",600,900,true],"woocommerce_gallery_thumbnail":["https:\/\/gombalampas.com\/wp-content\/uploads\/2025\/02\/2ED1957A-8963-4661-9658-C0003668EA6F-100x100.jpeg",100,100,true],"dgwt-wcas-product-suggestion":["https:\/\/gombalampas.com\/wp-content\/uploads\/2025\/02\/2ED1957A-8963-4661-9658-C0003668EA6F-scaled.jpeg",64,96,false]},"uagb_author_info":{"display_name":"Szathm\u00e1ry Hanna","author_link":"https:\/\/gombalampas.com\/en\/author\/"},"uagb_comment_info":0,"uagb_excerpt":"Ez a Gombal\u00e1mp\u00e1s m\u00e1r az \u00fajhull\u00e1mos darabok k\u00f6z\u00e9 tartozik. 10 db tapl\u00f3gomba \u00e9kes\u00edti a far\u00f6nk\u00f6t, amelyet a falra akaszthatsz, kapcsol\u00f3j\u00e1t pedig alul tal\u00e1lod, elemmel m\u0171k\u00f6dik, \u00edgy nem kell a k\u00e1belekkel bajl\u00f3dnod. Mint b\u00e1rmely m\u00e1sik term\u00e9kemet, ezt is \u00e9l\u0151 moh\u00e1val \u00e9kes\u00edtem. Miut\u00e1n minden darab teljesen k\u00e9zzel k\u00e9sz\u00fcl, \u00edgy sosem lesz k\u00e9t egyforma, k\u00e9rlek ezt vedd figyelembe&hellip;","_links":{"self":[{"href":"https:\/\/gombalampas.com\/en\/wp-json\/wp\/v2\/product\/2382","targetHints":{"allow":["GET"]}}],"collection":[{"href":"https:\/\/gombalampas.com\/en\/wp-json\/wp\/v2\/product"}],"about":[{"href":"https:\/\/gombalampas.com\/en\/wp-json\/wp\/v2\/types\/product"}],"replies":[{"embeddable":true,"href":"https:\/\/gombalampas.com\/en\/wp-json\/wp\/v2\/comments?post=2382"}],"version-history":[{"count":2,"href":"https:\/\/gombalampas.com\/en\/wp-json\/wp\/v2\/product\/2382\/revisions"}],"predecessor-version":[{"id":2940,"href":"https:\/\/gombalampas.com\/en\/wp-json\/wp\/v2\/product\/2382\/revisions\/2940"}],"wp:featuredmedia":[{"embeddable":true,"href":"https:\/\/gombalampas.com\/en\/wp-json\/wp\/v2\/media\/2383"}],"wp:attachment":[{"href":"https:\/\/gombalampas.com\/en\/wp-json\/wp\/v2\/media?parent=2382"}],"wp:term":[{"taxonomy":"product_brand","embeddable":true,"href":"https:\/\/gombalampas.com\/en\/wp-json\/wp\/v2\/product_brand?post=2382"},{"taxonomy":"product_cat","embeddable":true,"href":"https:\/\/gombalampas.com\/en\/wp-json\/wp\/v2\/product_cat?post=2382"},{"taxonomy":"product_tag","embeddable":true,"href":"https:\/\/gombalampas.com\/en\/wp-json\/wp\/v2\/product_tag?post=2382"}],"curies":[{"name":"wp","href":"https:\/\/api.w.org\/{rel}","templated":true}]}}