{"id":2405,"date":"2025-03-01T14:47:34","date_gmt":"2025-03-01T13:47:34","guid":{"rendered":"https:\/\/gombalampas.com\/?post_type=product&#038;p=2405"},"modified":"2026-03-30T10:36:48","modified_gmt":"2026-03-30T08:36:48","slug":"nonapi-gombalampas","status":"publish","type":"product","link":"https:\/\/gombalampas.com\/en\/product\/nonapi-gombalampas\/","title":{"rendered":"N\u0151napi Gombal\u00e1mp\u00e1s"},"content":{"rendered":"<p>Unalmas \u00fajra \u00e9s \u00fajra vir\u00e1got vinni a kollegan\u0151knek, h\u00f6lgy ismer\u0151s\u00f6knek, amik \u00fagy is elhervadnak?<br \/>\nEml\u00e9keztesd minden nap \u0151ket arra, hogy neked fontosak!<br \/>\nEz kis apr\u00f3 Gombal\u00e1mp\u00e1s nem hervad el, \u00e9s nem eszik meg m\u00e1snapra, mint egy bonbont. Ott marad \u00e9vekig a munkaasztalon, vagy ak\u00e1r a nappaliban, h\u00e1l\u00f3szob\u00e1ban.<\/p>\n<p>Gondosan, k\u00e9zzel k\u00e9sz\u00edtem ennek a kis csod\u00e1nak is minden darabj\u00e1t. Egy 5&#215;5 cm-es, kb. 3 cm magas fakock\u00e1n helyezkedik el, 1 darab kis vil\u00e1g\u00edt\u00f3 gomba, amelyet 1 darab CR2032-es elem m\u0171k\u00f6dtet.<\/p>\n<p>Garant\u00e1ltan sikert fogsz aratni ezzel a h\u00f6lgyekn\u00e9l! \ud83c\udf44<\/p>","protected":false},"excerpt":{"rendered":"<p>1940 Ft\/db-t\u00f3l<\/p>","protected":false},"featured_media":3570,"comment_status":"open","ping_status":"closed","template":"","meta":{"_uag_custom_page_level_css":"","site-sidebar-layout":"default","site-content-layout":"","ast-site-content-layout":"default","site-content-style":"default","site-sidebar-style":"default","ast-global-header-display":"","ast-banner-title-visibility":"","ast-main-header-display":"","ast-hfb-above-header-display":"","ast-hfb-below-header-display":"","ast-hfb-mobile-header-display":"","site-post-title":"","ast-breadcrumbs-content":"","ast-featured-img":"","footer-sml-layout":"","theme-transparent-header-meta":"default","adv-header-id-meta":"","stick-header-meta":"","header-above-stick-meta":"","header-main-stick-meta":"","header-below-stick-meta":"","astra-migrate-meta-layouts":"set","ast-page-background-enabled":"default","ast-page-background-meta":{"desktop":{"background-color":"var(--ast-global-color-4)","background-image":"","background-repeat":"repeat","background-position":"center center","background-size":"auto","background-attachment":"scroll","background-type":"","background-media":"","overlay-type":"","overlay-color":"","overlay-opacity":"","overlay-gradient":""},"tablet":{"background-color":"","background-image":"","background-repeat":"repeat","background-position":"center center","background-size":"auto","background-attachment":"scroll","background-type":"","background-media":"","overlay-type":"","overlay-color":"","overlay-opacity":"","overlay-gradient":""},"mobile":{"background-color":"","background-image":"","background-repeat":"repeat","background-position":"center center","background-size":"auto","background-attachment":"scroll","background-type":"","background-media":"","overlay-type":"","overlay-color":"","overlay-opacity":"","overlay-gradient":""}},"ast-content-background-meta":{"desktop":{"background-color":"var(--ast-global-color-5)","background-image":"","background-repeat":"repeat","background-position":"center center","background-size":"auto","background-attachment":"scroll","background-type":"","background-media":"","overlay-type":"","overlay-color":"","overlay-opacity":"","overlay-gradient":""},"tablet":{"background-color":"var(--ast-global-color-5)","background-image":"","background-repeat":"repeat","background-position":"center center","background-size":"auto","background-attachment":"scroll","background-type":"","background-media":"","overlay-type":"","overlay-color":"","overlay-opacity":"","overlay-gradient":""},"mobile":{"background-color":"var(--ast-global-color-5)","background-image":"","background-repeat":"repeat","background-position":"center center","background-size":"auto","background-attachment":"scroll","background-type":"","background-media":"","overlay-type":"","overlay-color":"","overlay-opacity":"","overlay-gradient":""}}},"product_brand":[],"product_cat":[120],"product_tag":[],"class_list":{"0":"post-2405","1":"product","2":"type-product","3":"status-publish","4":"has-post-thumbnail","6":"product_cat-nonapi-lampasok","7":"product_shipping_class-torekeny","8":"desktop-align-left","9":"tablet-align-left","10":"mobile-align-left","12":"first","13":"onbackorder","14":"shipping-taxable","15":"purchasable","16":"product-type-variable"},"uagb_featured_image_src":{"full":["https:\/\/gombalampas.com\/wp-content\/uploads\/2025\/03\/7-1-scaled.jpeg",1707,2560,false],"thumbnail":["https:\/\/gombalampas.com\/wp-content\/uploads\/2025\/03\/7-1-150x150.jpeg",150,150,true],"medium":["https:\/\/gombalampas.com\/wp-content\/uploads\/2025\/03\/7-1-200x300.jpeg",200,300,true],"medium_large":["https:\/\/gombalampas.com\/wp-content\/uploads\/2025\/03\/7-1-768x1152.jpeg",768,1152,true],"large":["https:\/\/gombalampas.com\/wp-content\/uploads\/2025\/03\/7-1-683x1024.jpeg",683,1024,true],"1536x1536":["https:\/\/gombalampas.com\/wp-content\/uploads\/2025\/03\/7-1-1024x1536.jpeg",1024,1536,true],"2048x2048":["https:\/\/gombalampas.com\/wp-content\/uploads\/2025\/03\/7-1-1365x2048.jpeg",1365,2048,true],"trp-custom-language-flag":["https:\/\/gombalampas.com\/wp-content\/uploads\/2025\/03\/7-1-8x12.jpeg",8,12,true],"woocommerce_thumbnail":["https:\/\/gombalampas.com\/wp-content\/uploads\/2025\/03\/7-1-300x300.jpeg",300,300,true],"woocommerce_single":["https:\/\/gombalampas.com\/wp-content\/uploads\/2025\/03\/7-1-600x900.jpeg",600,900,true],"woocommerce_gallery_thumbnail":["https:\/\/gombalampas.com\/wp-content\/uploads\/2025\/03\/7-1-100x100.jpeg",100,100,true],"dgwt-wcas-product-suggestion":["https:\/\/gombalampas.com\/wp-content\/uploads\/2025\/03\/7-1-64x96.jpeg",64,96,true]},"uagb_author_info":{"display_name":"Szathm\u00e1ry Hanna","author_link":"https:\/\/gombalampas.com\/en\/author\/"},"uagb_comment_info":0,"uagb_excerpt":"1940 Ft\/db-t\u00f3l","_links":{"self":[{"href":"https:\/\/gombalampas.com\/en\/wp-json\/wp\/v2\/product\/2405","targetHints":{"allow":["GET"]}}],"collection":[{"href":"https:\/\/gombalampas.com\/en\/wp-json\/wp\/v2\/product"}],"about":[{"href":"https:\/\/gombalampas.com\/en\/wp-json\/wp\/v2\/types\/product"}],"replies":[{"embeddable":true,"href":"https:\/\/gombalampas.com\/en\/wp-json\/wp\/v2\/comments?post=2405"}],"version-history":[{"count":4,"href":"https:\/\/gombalampas.com\/en\/wp-json\/wp\/v2\/product\/2405\/revisions"}],"predecessor-version":[{"id":3571,"href":"https:\/\/gombalampas.com\/en\/wp-json\/wp\/v2\/product\/2405\/revisions\/3571"}],"wp:featuredmedia":[{"embeddable":true,"href":"https:\/\/gombalampas.com\/en\/wp-json\/wp\/v2\/media\/3570"}],"wp:attachment":[{"href":"https:\/\/gombalampas.com\/en\/wp-json\/wp\/v2\/media?parent=2405"}],"wp:term":[{"taxonomy":"product_brand","embeddable":true,"href":"https:\/\/gombalampas.com\/en\/wp-json\/wp\/v2\/product_brand?post=2405"},{"taxonomy":"product_cat","embeddable":true,"href":"https:\/\/gombalampas.com\/en\/wp-json\/wp\/v2\/product_cat?post=2405"},{"taxonomy":"product_tag","embeddable":true,"href":"https:\/\/gombalampas.com\/en\/wp-json\/wp\/v2\/product_tag?post=2405"}],"curies":[{"name":"wp","href":"https:\/\/api.w.org\/{rel}","templated":true}]}}