{"id":2548,"date":"2025-03-30T15:28:24","date_gmt":"2025-03-30T13:28:24","guid":{"rendered":"https:\/\/gombalampas.com\/?post_type=product&#038;p=2548"},"modified":"2026-04-21T13:53:45","modified_gmt":"2026-04-21T11:53:45","slug":"nagy-gomb","status":"publish","type":"product","link":"https:\/\/gombalampas.com\/en\/product\/nagy-gomb\/","title":{"rendered":"Large Globe"},"content":{"rendered":"<p>This Large Globe is made with 10 glowing little mushrooms, surrounded by live moss.<br \/>\nIt is available with either a natural or dark wooden base.<br \/>\nIt has a diameter of 12 cm and a height of 13 cm.<\/p>","protected":false},"excerpt":{"rendered":"<p>Ez a Nagy G\u00f6mb 10 darab vil\u00e1g\u00edt\u00f3 gomb\u00e1csk\u00e1val k\u00e9sz\u00fcl, amelyeket \u00e9l\u0151 moha \u00f6lel k\u00f6r\u00fcl. K\u00e9rhet\u0151 nat\u00far, illetve barna fatalppal is. 12 cm \u00e1tm\u00e9r\u0151j\u0171 \u00e9s 13 cm magas.<\/p>","protected":false},"featured_media":2561,"comment_status":"open","ping_status":"closed","template":"","meta":{"_uag_custom_page_level_css":"","site-sidebar-layout":"default","site-content-layout":"","ast-site-content-layout":"default","site-content-style":"default","site-sidebar-style":"default","ast-global-header-display":"","ast-banner-title-visibility":"","ast-main-header-display":"","ast-hfb-above-header-display":"","ast-hfb-below-header-display":"","ast-hfb-mobile-header-display":"","site-post-title":"","ast-breadcrumbs-content":"","ast-featured-img":"","footer-sml-layout":"","theme-transparent-header-meta":"default","adv-header-id-meta":"","stick-header-meta":"","header-above-stick-meta":"","header-main-stick-meta":"","header-below-stick-meta":"","astra-migrate-meta-layouts":"set","ast-page-background-enabled":"default","ast-page-background-meta":{"desktop":{"background-color":"var(--ast-global-color-4)","background-image":"","background-repeat":"repeat","background-position":"center center","background-size":"auto","background-attachment":"scroll","background-type":"","background-media":"","overlay-type":"","overlay-color":"","overlay-opacity":"","overlay-gradient":""},"tablet":{"background-color":"","background-image":"","background-repeat":"repeat","background-position":"center center","background-size":"auto","background-attachment":"scroll","background-type":"","background-media":"","overlay-type":"","overlay-color":"","overlay-opacity":"","overlay-gradient":""},"mobile":{"background-color":"","background-image":"","background-repeat":"repeat","background-position":"center center","background-size":"auto","background-attachment":"scroll","background-type":"","background-media":"","overlay-type":"","overlay-color":"","overlay-opacity":"","overlay-gradient":""}},"ast-content-background-meta":{"desktop":{"background-color":"var(--ast-global-color-5)","background-image":"","background-repeat":"repeat","background-position":"center center","background-size":"auto","background-attachment":"scroll","background-type":"","background-media":"","overlay-type":"","overlay-color":"","overlay-opacity":"","overlay-gradient":""},"tablet":{"background-color":"var(--ast-global-color-5)","background-image":"","background-repeat":"repeat","background-position":"center center","background-size":"auto","background-attachment":"scroll","background-type":"","background-media":"","overlay-type":"","overlay-color":"","overlay-opacity":"","overlay-gradient":""},"mobile":{"background-color":"var(--ast-global-color-5)","background-image":"","background-repeat":"repeat","background-position":"center center","background-size":"auto","background-attachment":"scroll","background-type":"","background-media":"","overlay-type":"","overlay-color":"","overlay-opacity":"","overlay-gradient":""}}},"product_brand":[],"product_cat":[101],"product_tag":[],"class_list":{"0":"post-2548","1":"product","2":"type-product","3":"status-publish","4":"has-post-thumbnail","6":"product_cat-uvegburas-lampasok","7":"product_shipping_class-torekeny","8":"desktop-align-left","9":"tablet-align-left","10":"mobile-align-left","12":"first","13":"instock","14":"shipping-taxable","15":"purchasable","16":"product-type-variable"},"uagb_featured_image_src":{"full":["https:\/\/gombalampas.com\/wp-content\/uploads\/2025\/03\/7_barna-scaled.jpeg",2560,1707,false],"thumbnail":["https:\/\/gombalampas.com\/wp-content\/uploads\/2025\/03\/7_barna-150x150.jpeg",150,150,true],"medium":["https:\/\/gombalampas.com\/wp-content\/uploads\/2025\/03\/7_barna-300x200.jpeg",300,200,true],"medium_large":["https:\/\/gombalampas.com\/wp-content\/uploads\/2025\/03\/7_barna-768x512.jpeg",768,512,true],"large":["https:\/\/gombalampas.com\/wp-content\/uploads\/2025\/03\/7_barna-1024x683.jpeg",1024,683,true],"1536x1536":["https:\/\/gombalampas.com\/wp-content\/uploads\/2025\/03\/7_barna-1536x1024.jpeg",1536,1024,true],"2048x2048":["https:\/\/gombalampas.com\/wp-content\/uploads\/2025\/03\/7_barna-2048x1365.jpeg",2048,1365,true],"trp-custom-language-flag":["https:\/\/gombalampas.com\/wp-content\/uploads\/2025\/03\/7_barna-18x12.jpeg",18,12,true],"woocommerce_thumbnail":["https:\/\/gombalampas.com\/wp-content\/uploads\/2025\/03\/7_barna-300x300.jpeg",300,300,true],"woocommerce_single":["https:\/\/gombalampas.com\/wp-content\/uploads\/2025\/03\/7_barna-600x400.jpeg",600,400,true],"woocommerce_gallery_thumbnail":["https:\/\/gombalampas.com\/wp-content\/uploads\/2025\/03\/7_barna-100x100.jpeg",100,100,true],"dgwt-wcas-product-suggestion":["https:\/\/gombalampas.com\/wp-content\/uploads\/2025\/03\/7_barna-scaled.jpeg",64,43,false]},"uagb_author_info":{"display_name":"Szathm\u00e1ry Hanna","author_link":"https:\/\/gombalampas.com\/en\/author\/"},"uagb_comment_info":0,"uagb_excerpt":"Ez a Nagy G\u00f6mb 10 darab vil\u00e1g\u00edt\u00f3 gomb\u00e1csk\u00e1val k\u00e9sz\u00fcl, amelyeket \u00e9l\u0151 moha \u00f6lel k\u00f6r\u00fcl. K\u00e9rhet\u0151 nat\u00far, illetve barna fatalppal is. 12 cm \u00e1tm\u00e9r\u0151j\u0171 \u00e9s 13 cm magas.","_links":{"self":[{"href":"https:\/\/gombalampas.com\/en\/wp-json\/wp\/v2\/product\/2548","targetHints":{"allow":["GET"]}}],"collection":[{"href":"https:\/\/gombalampas.com\/en\/wp-json\/wp\/v2\/product"}],"about":[{"href":"https:\/\/gombalampas.com\/en\/wp-json\/wp\/v2\/types\/product"}],"replies":[{"embeddable":true,"href":"https:\/\/gombalampas.com\/en\/wp-json\/wp\/v2\/comments?post=2548"}],"version-history":[{"count":1,"href":"https:\/\/gombalampas.com\/en\/wp-json\/wp\/v2\/product\/2548\/revisions"}],"predecessor-version":[{"id":2596,"href":"https:\/\/gombalampas.com\/en\/wp-json\/wp\/v2\/product\/2548\/revisions\/2596"}],"wp:featuredmedia":[{"embeddable":true,"href":"https:\/\/gombalampas.com\/en\/wp-json\/wp\/v2\/media\/2561"}],"wp:attachment":[{"href":"https:\/\/gombalampas.com\/en\/wp-json\/wp\/v2\/media?parent=2548"}],"wp:term":[{"taxonomy":"product_brand","embeddable":true,"href":"https:\/\/gombalampas.com\/en\/wp-json\/wp\/v2\/product_brand?post=2548"},{"taxonomy":"product_cat","embeddable":true,"href":"https:\/\/gombalampas.com\/en\/wp-json\/wp\/v2\/product_cat?post=2548"},{"taxonomy":"product_tag","embeddable":true,"href":"https:\/\/gombalampas.com\/en\/wp-json\/wp\/v2\/product_tag?post=2548"}],"curies":[{"name":"wp","href":"https:\/\/api.w.org\/{rel}","templated":true}]}}