{"id":2762,"date":"2025-04-08T10:55:27","date_gmt":"2025-04-08T08:55:27","guid":{"rendered":"https:\/\/gombalampas.com\/?post_type=product&#038;p=2762"},"modified":"2025-11-13T18:34:04","modified_gmt":"2025-11-13T17:34:04","slug":"padart-hullamvolgy","status":"publish","type":"product","link":"https:\/\/gombalampas.com\/en\/product\/padart-hullamvolgy\/","title":{"rendered":"PadArt &#8211; Hull\u00e1mv\u00f6lgy"},"content":{"rendered":"<p>Hull\u00e1mv\u00f6lgy &#8211; innen n\u00e9zve is minden sz\u00e9p<\/p>\n<p>A kis v\u00f6lgyben \u00f6sszetart\u00f3, egym\u00e1sra hajl\u00f3 gomb\u00e1kat tal\u00e1lunk, akik a neh\u00e9z id\u0151kben val\u00f3 \u00f6sszetart\u00e1st szimboliz\u00e1lj\u00e1k. A h\u00e1tt\u00e9rben egy kics\u00facsosod\u00f3 fadarab figyelhet\u0151 meg, amely megt\u00f6ri \u00a0a harmonikus gombainstall\u00e1ci\u00f3t, a robosztus von\u00e1saival.<\/p>","protected":false},"excerpt":{"rendered":"<p>Hull\u00e1mv\u00f6lgy &#8211; innen n\u00e9zve is minden sz\u00e9p A kis v\u00f6lgyben \u00f6sszetart\u00f3, egym\u00e1sra hajl\u00f3 gomb\u00e1kat tal\u00e1lunk, akik a neh\u00e9z id\u0151kben val\u00f3 \u00f6sszetart\u00e1st szimboliz\u00e1lj\u00e1k. A h\u00e1tt\u00e9rben egy kics\u00facsosod\u00f3 fadarab figyelhet\u0151 meg, amely megt\u00f6ri \u00a0a harmonikus gombainstall\u00e1ci\u00f3t, a robosztus von\u00e1saival.<\/p>","protected":false},"featured_media":2560,"comment_status":"open","ping_status":"closed","template":"","meta":{"_uag_custom_page_level_css":"","site-sidebar-layout":"default","site-content-layout":"","ast-site-content-layout":"default","site-content-style":"default","site-sidebar-style":"default","ast-global-header-display":"","ast-banner-title-visibility":"","ast-main-header-display":"","ast-hfb-above-header-display":"","ast-hfb-below-header-display":"","ast-hfb-mobile-header-display":"","site-post-title":"","ast-breadcrumbs-content":"","ast-featured-img":"","footer-sml-layout":"","theme-transparent-header-meta":"default","adv-header-id-meta":"","stick-header-meta":"","header-above-stick-meta":"","header-main-stick-meta":"","header-below-stick-meta":"","astra-migrate-meta-layouts":"set","ast-page-background-enabled":"default","ast-page-background-meta":{"desktop":{"background-color":"var(--ast-global-color-4)","background-image":"","background-repeat":"repeat","background-position":"center center","background-size":"auto","background-attachment":"scroll","background-type":"","background-media":"","overlay-type":"","overlay-color":"","overlay-opacity":"","overlay-gradient":""},"tablet":{"background-color":"","background-image":"","background-repeat":"repeat","background-position":"center center","background-size":"auto","background-attachment":"scroll","background-type":"","background-media":"","overlay-type":"","overlay-color":"","overlay-opacity":"","overlay-gradient":""},"mobile":{"background-color":"","background-image":"","background-repeat":"repeat","background-position":"center center","background-size":"auto","background-attachment":"scroll","background-type":"","background-media":"","overlay-type":"","overlay-color":"","overlay-opacity":"","overlay-gradient":""}},"ast-content-background-meta":{"desktop":{"background-color":"var(--ast-global-color-5)","background-image":"","background-repeat":"repeat","background-position":"center center","background-size":"auto","background-attachment":"scroll","background-type":"","background-media":"","overlay-type":"","overlay-color":"","overlay-opacity":"","overlay-gradient":""},"tablet":{"background-color":"var(--ast-global-color-5)","background-image":"","background-repeat":"repeat","background-position":"center center","background-size":"auto","background-attachment":"scroll","background-type":"","background-media":"","overlay-type":"","overlay-color":"","overlay-opacity":"","overlay-gradient":""},"mobile":{"background-color":"var(--ast-global-color-5)","background-image":"","background-repeat":"repeat","background-position":"center center","background-size":"auto","background-attachment":"scroll","background-type":"","background-media":"","overlay-type":"","overlay-color":"","overlay-opacity":"","overlay-gradient":""}}},"product_brand":[],"product_cat":[85],"product_tag":[],"class_list":{"0":"post-2762","1":"product","2":"type-product","3":"status-publish","4":"has-post-thumbnail","6":"product_cat-padart","7":"product_shipping_class-torekeny","8":"desktop-align-left","9":"tablet-align-left","10":"mobile-align-left","12":"first","13":"outofstock","14":"shipping-taxable","15":"purchasable","16":"product-type-simple"},"uagb_featured_image_src":{"full":["https:\/\/gombalampas.com\/wp-content\/uploads\/2025\/03\/6_barna-scaled.jpeg",2560,1707,false],"thumbnail":["https:\/\/gombalampas.com\/wp-content\/uploads\/2025\/03\/6_barna-150x150.jpeg",150,150,true],"medium":["https:\/\/gombalampas.com\/wp-content\/uploads\/2025\/03\/6_barna-300x200.jpeg",300,200,true],"medium_large":["https:\/\/gombalampas.com\/wp-content\/uploads\/2025\/03\/6_barna-768x512.jpeg",768,512,true],"large":["https:\/\/gombalampas.com\/wp-content\/uploads\/2025\/03\/6_barna-1024x683.jpeg",1024,683,true],"1536x1536":["https:\/\/gombalampas.com\/wp-content\/uploads\/2025\/03\/6_barna-1536x1024.jpeg",1536,1024,true],"2048x2048":["https:\/\/gombalampas.com\/wp-content\/uploads\/2025\/03\/6_barna-2048x1365.jpeg",2048,1365,true],"trp-custom-language-flag":["https:\/\/gombalampas.com\/wp-content\/uploads\/2025\/03\/6_barna-18x12.jpeg",18,12,true],"woocommerce_thumbnail":["https:\/\/gombalampas.com\/wp-content\/uploads\/2025\/03\/6_barna-300x300.jpeg",300,300,true],"woocommerce_single":["https:\/\/gombalampas.com\/wp-content\/uploads\/2025\/03\/6_barna-600x400.jpeg",600,400,true],"woocommerce_gallery_thumbnail":["https:\/\/gombalampas.com\/wp-content\/uploads\/2025\/03\/6_barna-100x100.jpeg",100,100,true],"dgwt-wcas-product-suggestion":["https:\/\/gombalampas.com\/wp-content\/uploads\/2025\/03\/6_barna-scaled.jpeg",64,43,false]},"uagb_author_info":{"display_name":"Szathm\u00e1ry Hanna","author_link":"https:\/\/gombalampas.com\/en\/author\/"},"uagb_comment_info":0,"uagb_excerpt":"Hull\u00e1mv\u00f6lgy &#8211; innen n\u00e9zve is minden sz\u00e9p A kis v\u00f6lgyben \u00f6sszetart\u00f3, egym\u00e1sra hajl\u00f3 gomb\u00e1kat tal\u00e1lunk, akik a neh\u00e9z id\u0151kben val\u00f3 \u00f6sszetart\u00e1st szimboliz\u00e1lj\u00e1k. A h\u00e1tt\u00e9rben egy kics\u00facsosod\u00f3 fadarab figyelhet\u0151 meg, amely megt\u00f6ri \u00a0a harmonikus gombainstall\u00e1ci\u00f3t, a robosztus von\u00e1saival.","_links":{"self":[{"href":"https:\/\/gombalampas.com\/en\/wp-json\/wp\/v2\/product\/2762","targetHints":{"allow":["GET"]}}],"collection":[{"href":"https:\/\/gombalampas.com\/en\/wp-json\/wp\/v2\/product"}],"about":[{"href":"https:\/\/gombalampas.com\/en\/wp-json\/wp\/v2\/types\/product"}],"replies":[{"embeddable":true,"href":"https:\/\/gombalampas.com\/en\/wp-json\/wp\/v2\/comments?post=2762"}],"version-history":[{"count":2,"href":"https:\/\/gombalampas.com\/en\/wp-json\/wp\/v2\/product\/2762\/revisions"}],"predecessor-version":[{"id":2768,"href":"https:\/\/gombalampas.com\/en\/wp-json\/wp\/v2\/product\/2762\/revisions\/2768"}],"wp:featuredmedia":[{"embeddable":true,"href":"https:\/\/gombalampas.com\/en\/wp-json\/wp\/v2\/media\/2560"}],"wp:attachment":[{"href":"https:\/\/gombalampas.com\/en\/wp-json\/wp\/v2\/media?parent=2762"}],"wp:term":[{"taxonomy":"product_brand","embeddable":true,"href":"https:\/\/gombalampas.com\/en\/wp-json\/wp\/v2\/product_brand?post=2762"},{"taxonomy":"product_cat","embeddable":true,"href":"https:\/\/gombalampas.com\/en\/wp-json\/wp\/v2\/product_cat?post=2762"},{"taxonomy":"product_tag","embeddable":true,"href":"https:\/\/gombalampas.com\/en\/wp-json\/wp\/v2\/product_tag?post=2762"}],"curies":[{"name":"wp","href":"https:\/\/api.w.org\/{rel}","templated":true}]}}