{"id":2764,"date":"2025-04-08T10:41:17","date_gmt":"2025-04-08T08:41:17","guid":{"rendered":"https:\/\/gombalampas.com\/?post_type=product&#038;p=2764"},"modified":"2025-12-10T11:28:50","modified_gmt":"2025-12-10T10:28:50","slug":"padart-hegymenet","status":"publish","type":"product","link":"https:\/\/gombalampas.com\/en\/product\/padart-hegymenet\/","title":{"rendered":"PadArt &#8211; Hegymenet"},"content":{"rendered":"<p>Stabil alapok, ingatag \u00fat.<\/p>\n<p>A PadArt kollekci\u00f3 \u00fajabb darabja, az \u00e9let paradoxonjaira \u00f6sszpontos\u00edt. A stabil, barna fakorong a kiindul\u00f3pontja a kis gomb\u00e1csk\u00e1knak, amelyek egy v\u00e9kony, \u00a0s\u00e9r\u00fcl\u00e9keny, t\u00f6r\u0151d\u00e9st ig\u00e9nyl\u0151 moha-mez\u0151n kereszt\u00fcl k\u00fasznak fel \u00f3vatosan az \u00e9ppenhogy nem billeg\u0151, sok mindent meg\u00e9lt, nagy \u00e9s er\u0151s fadarabra, amelynek \u00edvei egy \u0151si hegyvonulatra eml\u00e9keztetnek.<\/p>\n<p>A gomb\u00e1k csak\u00fagy, mint \u00e9n alkot\u00e1som ezen f\u00e1zis\u00e1nak idej\u00e9ben, csup\u00e1n a \u201chegy\u201d els\u0151 negyed\u00e9ben j\u00e1rnak m\u00e9g.<\/p>","protected":false},"excerpt":{"rendered":"<p>Stabil alapok, ingatag \u00fat. A PadArt kollekci\u00f3 \u00fajabb darabja, az \u00e9let paradoxonjaira \u00f6sszpontos\u00edt. A stabil, barna fakorong a kiindul\u00f3pontja a kis gomb\u00e1csk\u00e1knak, amelyek egy v\u00e9kony, \u00a0s\u00e9r\u00fcl\u00e9keny, t\u00f6r\u0151d\u00e9st ig\u00e9nyl\u0151 moha-mez\u0151n kereszt\u00fcl k\u00fasznak fel \u00f3vatosan az \u00e9ppenhogy nem billeg\u0151, sok mindent meg\u00e9lt, nagy \u00e9s er\u0151s fadarabra, amelynek \u00edvei egy \u0151si hegyvonulatra eml\u00e9keztetnek. A gomb\u00e1k csak\u00fagy, mint \u00e9n [&hellip;]<\/p>","protected":false},"featured_media":2553,"comment_status":"open","ping_status":"closed","template":"","meta":{"_uag_custom_page_level_css":"","site-sidebar-layout":"default","site-content-layout":"","ast-site-content-layout":"default","site-content-style":"default","site-sidebar-style":"default","ast-global-header-display":"","ast-banner-title-visibility":"","ast-main-header-display":"","ast-hfb-above-header-display":"","ast-hfb-below-header-display":"","ast-hfb-mobile-header-display":"","site-post-title":"","ast-breadcrumbs-content":"","ast-featured-img":"","footer-sml-layout":"","theme-transparent-header-meta":"default","adv-header-id-meta":"","stick-header-meta":"","header-above-stick-meta":"","header-main-stick-meta":"","header-below-stick-meta":"","astra-migrate-meta-layouts":"set","ast-page-background-enabled":"default","ast-page-background-meta":{"desktop":{"background-color":"var(--ast-global-color-4)","background-image":"","background-repeat":"repeat","background-position":"center center","background-size":"auto","background-attachment":"scroll","background-type":"","background-media":"","overlay-type":"","overlay-color":"","overlay-opacity":"","overlay-gradient":""},"tablet":{"background-color":"","background-image":"","background-repeat":"repeat","background-position":"center center","background-size":"auto","background-attachment":"scroll","background-type":"","background-media":"","overlay-type":"","overlay-color":"","overlay-opacity":"","overlay-gradient":""},"mobile":{"background-color":"","background-image":"","background-repeat":"repeat","background-position":"center center","background-size":"auto","background-attachment":"scroll","background-type":"","background-media":"","overlay-type":"","overlay-color":"","overlay-opacity":"","overlay-gradient":""}},"ast-content-background-meta":{"desktop":{"background-color":"var(--ast-global-color-5)","background-image":"","background-repeat":"repeat","background-position":"center center","background-size":"auto","background-attachment":"scroll","background-type":"","background-media":"","overlay-type":"","overlay-color":"","overlay-opacity":"","overlay-gradient":""},"tablet":{"background-color":"var(--ast-global-color-5)","background-image":"","background-repeat":"repeat","background-position":"center center","background-size":"auto","background-attachment":"scroll","background-type":"","background-media":"","overlay-type":"","overlay-color":"","overlay-opacity":"","overlay-gradient":""},"mobile":{"background-color":"var(--ast-global-color-5)","background-image":"","background-repeat":"repeat","background-position":"center center","background-size":"auto","background-attachment":"scroll","background-type":"","background-media":"","overlay-type":"","overlay-color":"","overlay-opacity":"","overlay-gradient":""}}},"product_brand":[],"product_cat":[85],"product_tag":[],"class_list":{"0":"post-2764","1":"product","2":"type-product","3":"status-publish","4":"has-post-thumbnail","6":"product_cat-padart","7":"product_shipping_class-torekeny","8":"desktop-align-left","9":"tablet-align-left","10":"mobile-align-left","12":"first","13":"instock","14":"shipping-taxable","15":"purchasable","16":"product-type-simple"},"uagb_featured_image_src":{"full":["https:\/\/gombalampas.com\/wp-content\/uploads\/2025\/03\/3_barna-scaled.jpeg",2560,1707,false],"thumbnail":["https:\/\/gombalampas.com\/wp-content\/uploads\/2025\/03\/3_barna-150x150.jpeg",150,150,true],"medium":["https:\/\/gombalampas.com\/wp-content\/uploads\/2025\/03\/3_barna-300x200.jpeg",300,200,true],"medium_large":["https:\/\/gombalampas.com\/wp-content\/uploads\/2025\/03\/3_barna-768x512.jpeg",768,512,true],"large":["https:\/\/gombalampas.com\/wp-content\/uploads\/2025\/03\/3_barna-1024x683.jpeg",1024,683,true],"1536x1536":["https:\/\/gombalampas.com\/wp-content\/uploads\/2025\/03\/3_barna-1536x1024.jpeg",1536,1024,true],"2048x2048":["https:\/\/gombalampas.com\/wp-content\/uploads\/2025\/03\/3_barna-2048x1365.jpeg",2048,1365,true],"trp-custom-language-flag":["https:\/\/gombalampas.com\/wp-content\/uploads\/2025\/03\/3_barna-18x12.jpeg",18,12,true],"woocommerce_thumbnail":["https:\/\/gombalampas.com\/wp-content\/uploads\/2025\/03\/3_barna-300x300.jpeg",300,300,true],"woocommerce_single":["https:\/\/gombalampas.com\/wp-content\/uploads\/2025\/03\/3_barna-600x400.jpeg",600,400,true],"woocommerce_gallery_thumbnail":["https:\/\/gombalampas.com\/wp-content\/uploads\/2025\/03\/3_barna-100x100.jpeg",100,100,true],"dgwt-wcas-product-suggestion":["https:\/\/gombalampas.com\/wp-content\/uploads\/2025\/03\/3_barna-scaled.jpeg",64,43,false]},"uagb_author_info":{"display_name":"Szathm\u00e1ry Hanna","author_link":"https:\/\/gombalampas.com\/en\/author\/"},"uagb_comment_info":0,"uagb_excerpt":"Stabil alapok, ingatag \u00fat. A PadArt kollekci\u00f3 \u00fajabb darabja, az \u00e9let paradoxonjaira \u00f6sszpontos\u00edt. A stabil, barna fakorong a kiindul\u00f3pontja a kis gomb\u00e1csk\u00e1knak, amelyek egy v\u00e9kony, \u00a0s\u00e9r\u00fcl\u00e9keny, t\u00f6r\u0151d\u00e9st ig\u00e9nyl\u0151 moha-mez\u0151n kereszt\u00fcl k\u00fasznak fel \u00f3vatosan az \u00e9ppenhogy nem billeg\u0151, sok mindent meg\u00e9lt, nagy \u00e9s er\u0151s fadarabra, amelynek \u00edvei egy \u0151si hegyvonulatra eml\u00e9keztetnek. A gomb\u00e1k csak\u00fagy, mint \u00e9n&hellip;","_links":{"self":[{"href":"https:\/\/gombalampas.com\/en\/wp-json\/wp\/v2\/product\/2764","targetHints":{"allow":["GET"]}}],"collection":[{"href":"https:\/\/gombalampas.com\/en\/wp-json\/wp\/v2\/product"}],"about":[{"href":"https:\/\/gombalampas.com\/en\/wp-json\/wp\/v2\/types\/product"}],"replies":[{"embeddable":true,"href":"https:\/\/gombalampas.com\/en\/wp-json\/wp\/v2\/comments?post=2764"}],"version-history":[{"count":2,"href":"https:\/\/gombalampas.com\/en\/wp-json\/wp\/v2\/product\/2764\/revisions"}],"predecessor-version":[{"id":2767,"href":"https:\/\/gombalampas.com\/en\/wp-json\/wp\/v2\/product\/2764\/revisions\/2767"}],"wp:featuredmedia":[{"embeddable":true,"href":"https:\/\/gombalampas.com\/en\/wp-json\/wp\/v2\/media\/2553"}],"wp:attachment":[{"href":"https:\/\/gombalampas.com\/en\/wp-json\/wp\/v2\/media?parent=2764"}],"wp:term":[{"taxonomy":"product_brand","embeddable":true,"href":"https:\/\/gombalampas.com\/en\/wp-json\/wp\/v2\/product_brand?post=2764"},{"taxonomy":"product_cat","embeddable":true,"href":"https:\/\/gombalampas.com\/en\/wp-json\/wp\/v2\/product_cat?post=2764"},{"taxonomy":"product_tag","embeddable":true,"href":"https:\/\/gombalampas.com\/en\/wp-json\/wp\/v2\/product_tag?post=2764"}],"curies":[{"name":"wp","href":"https:\/\/api.w.org\/{rel}","templated":true}]}}