{"id":3297,"date":"2025-11-15T14:45:19","date_gmt":"2025-11-15T13:45:19","guid":{"rendered":"https:\/\/gombalampas.com\/?post_type=product&#038;p=3297"},"modified":"2025-11-22T18:58:01","modified_gmt":"2025-11-22T17:58:01","slug":"gyokerek","status":"publish","type":"product","link":"https:\/\/gombalampas.com\/en\/product\/gyokerek\/","title":{"rendered":"Gy\u00f6kerek"},"content":{"rendered":"<p class=\"p1\"><span class=\"s1\">A PadArt 2025\/IV kollekci\u00f3 Gy\u00f6kerek darabja 20 darab b\u00fabos kalapos gomb\u00e1csk\u00e1val d\u00edszeleg. Ennek a kollekci\u00f3nak a k\u00fcl\u00f6nlegess\u00e9ge, hogy nem elemes, hanem h\u00e1l\u00f3zati \u00e1ramforr\u00e1ssal m\u0171k\u00f6dnek. A l\u00e1mp\u00e1sokhoz egy USB C-s k\u00e1bel \u00e9s egy USB adapter sz\u00fcks\u00e9ges. A term\u00e9khez mi egy 1,5 m\u00e9teres sz\u00fcrke-fekete textilk\u00e1belt csomagolunk, de ezt mindenki mag\u00e1ra igaz\u00edthatja, mivel a l\u00e1mp\u00e1s USB-C bemenettel rendelkezik, amely b\u00e1rmilyen 5V-os adapterr\u0151l m\u0171k\u00f6dtethet\u0151.<\/span><\/p>","protected":false},"excerpt":{"rendered":"<p>A PadArt 2025\/IV kollekci\u00f3 Gy\u00f6kerek darabja 20 darab b\u00fabos kalapos gomb\u00e1csk\u00e1val d\u00edszeleg. Ennek a kollekci\u00f3nak a k\u00fcl\u00f6nlegess\u00e9ge, hogy nem elemes, hanem h\u00e1l\u00f3zati \u00e1ramforr\u00e1ssal m\u0171k\u00f6dnek. A l\u00e1mp\u00e1sokhoz egy USB C-s k\u00e1bel \u00e9s egy USB adapter sz\u00fcks\u00e9ges. A term\u00e9khez mi egy 1,5 m\u00e9teres sz\u00fcrke-fekete textilk\u00e1belt csomagolunk, de ezt mindenki mag\u00e1ra igaz\u00edthatja, mivel a l\u00e1mp\u00e1s USB-C bemenettel rendelkezik, [&hellip;]<\/p>","protected":false},"featured_media":3269,"comment_status":"open","ping_status":"closed","template":"","meta":{"_uag_custom_page_level_css":"","site-sidebar-layout":"default","site-content-layout":"","ast-site-content-layout":"default","site-content-style":"default","site-sidebar-style":"default","ast-global-header-display":"","ast-banner-title-visibility":"","ast-main-header-display":"","ast-hfb-above-header-display":"","ast-hfb-below-header-display":"","ast-hfb-mobile-header-display":"","site-post-title":"","ast-breadcrumbs-content":"","ast-featured-img":"","footer-sml-layout":"","theme-transparent-header-meta":"default","adv-header-id-meta":"","stick-header-meta":"","header-above-stick-meta":"","header-main-stick-meta":"","header-below-stick-meta":"","astra-migrate-meta-layouts":"set","ast-page-background-enabled":"default","ast-page-background-meta":{"desktop":{"background-color":"var(--ast-global-color-4)","background-image":"","background-repeat":"repeat","background-position":"center center","background-size":"auto","background-attachment":"scroll","background-type":"","background-media":"","overlay-type":"","overlay-color":"","overlay-opacity":"","overlay-gradient":""},"tablet":{"background-color":"","background-image":"","background-repeat":"repeat","background-position":"center center","background-size":"auto","background-attachment":"scroll","background-type":"","background-media":"","overlay-type":"","overlay-color":"","overlay-opacity":"","overlay-gradient":""},"mobile":{"background-color":"","background-image":"","background-repeat":"repeat","background-position":"center center","background-size":"auto","background-attachment":"scroll","background-type":"","background-media":"","overlay-type":"","overlay-color":"","overlay-opacity":"","overlay-gradient":""}},"ast-content-background-meta":{"desktop":{"background-color":"var(--ast-global-color-5)","background-image":"","background-repeat":"repeat","background-position":"center center","background-size":"auto","background-attachment":"scroll","background-type":"","background-media":"","overlay-type":"","overlay-color":"","overlay-opacity":"","overlay-gradient":""},"tablet":{"background-color":"var(--ast-global-color-5)","background-image":"","background-repeat":"repeat","background-position":"center center","background-size":"auto","background-attachment":"scroll","background-type":"","background-media":"","overlay-type":"","overlay-color":"","overlay-opacity":"","overlay-gradient":""},"mobile":{"background-color":"var(--ast-global-color-5)","background-image":"","background-repeat":"repeat","background-position":"center center","background-size":"auto","background-attachment":"scroll","background-type":"","background-media":"","overlay-type":"","overlay-color":"","overlay-opacity":"","overlay-gradient":""}}},"product_brand":[],"product_cat":[85],"product_tag":[],"class_list":{"0":"post-3297","1":"product","2":"type-product","3":"status-publish","4":"has-post-thumbnail","6":"product_cat-padart","7":"product_shipping_class-torekeny","8":"desktop-align-left","9":"tablet-align-left","10":"mobile-align-left","12":"first","13":"outofstock","14":"shipping-taxable","15":"purchasable","16":"product-type-simple"},"uagb_featured_image_src":{"full":["https:\/\/gombalampas.com\/wp-content\/uploads\/2025\/11\/12-1-scaled.jpeg",2560,1707,false],"thumbnail":["https:\/\/gombalampas.com\/wp-content\/uploads\/2025\/11\/12-1-150x150.jpeg",150,150,true],"medium":["https:\/\/gombalampas.com\/wp-content\/uploads\/2025\/11\/12-1-300x200.jpeg",300,200,true],"medium_large":["https:\/\/gombalampas.com\/wp-content\/uploads\/2025\/11\/12-1-768x512.jpeg",768,512,true],"large":["https:\/\/gombalampas.com\/wp-content\/uploads\/2025\/11\/12-1-1024x683.jpeg",1024,683,true],"1536x1536":["https:\/\/gombalampas.com\/wp-content\/uploads\/2025\/11\/12-1-1536x1024.jpeg",1536,1024,true],"2048x2048":["https:\/\/gombalampas.com\/wp-content\/uploads\/2025\/11\/12-1-2048x1365.jpeg",2048,1365,true],"trp-custom-language-flag":["https:\/\/gombalampas.com\/wp-content\/uploads\/2025\/11\/12-1-18x12.jpeg",18,12,true],"woocommerce_thumbnail":["https:\/\/gombalampas.com\/wp-content\/uploads\/2025\/11\/12-1-300x300.jpeg",300,300,true],"woocommerce_single":["https:\/\/gombalampas.com\/wp-content\/uploads\/2025\/11\/12-1-600x400.jpeg",600,400,true],"woocommerce_gallery_thumbnail":["https:\/\/gombalampas.com\/wp-content\/uploads\/2025\/11\/12-1-100x100.jpeg",100,100,true],"dgwt-wcas-product-suggestion":["https:\/\/gombalampas.com\/wp-content\/uploads\/2025\/11\/12-1-scaled.jpeg",64,43,false]},"uagb_author_info":{"display_name":"admin","author_link":"https:\/\/gombalampas.com\/en\/author\/"},"uagb_comment_info":0,"uagb_excerpt":"A PadArt 2025\/IV kollekci\u00f3 Gy\u00f6kerek darabja 20 darab b\u00fabos kalapos gomb\u00e1csk\u00e1val d\u00edszeleg. Ennek a kollekci\u00f3nak a k\u00fcl\u00f6nlegess\u00e9ge, hogy nem elemes, hanem h\u00e1l\u00f3zati \u00e1ramforr\u00e1ssal m\u0171k\u00f6dnek. A l\u00e1mp\u00e1sokhoz egy USB C-s k\u00e1bel \u00e9s egy USB adapter sz\u00fcks\u00e9ges. A term\u00e9khez mi egy 1,5 m\u00e9teres sz\u00fcrke-fekete textilk\u00e1belt csomagolunk, de ezt mindenki mag\u00e1ra igaz\u00edthatja, mivel a l\u00e1mp\u00e1s USB-C bemenettel rendelkezik,&hellip;","_links":{"self":[{"href":"https:\/\/gombalampas.com\/en\/wp-json\/wp\/v2\/product\/3297","targetHints":{"allow":["GET"]}}],"collection":[{"href":"https:\/\/gombalampas.com\/en\/wp-json\/wp\/v2\/product"}],"about":[{"href":"https:\/\/gombalampas.com\/en\/wp-json\/wp\/v2\/types\/product"}],"replies":[{"embeddable":true,"href":"https:\/\/gombalampas.com\/en\/wp-json\/wp\/v2\/comments?post=3297"}],"version-history":[{"count":1,"href":"https:\/\/gombalampas.com\/en\/wp-json\/wp\/v2\/product\/3297\/revisions"}],"predecessor-version":[{"id":3298,"href":"https:\/\/gombalampas.com\/en\/wp-json\/wp\/v2\/product\/3297\/revisions\/3298"}],"wp:featuredmedia":[{"embeddable":true,"href":"https:\/\/gombalampas.com\/en\/wp-json\/wp\/v2\/media\/3269"}],"wp:attachment":[{"href":"https:\/\/gombalampas.com\/en\/wp-json\/wp\/v2\/media?parent=3297"}],"wp:term":[{"taxonomy":"product_brand","embeddable":true,"href":"https:\/\/gombalampas.com\/en\/wp-json\/wp\/v2\/product_brand?post=3297"},{"taxonomy":"product_cat","embeddable":true,"href":"https:\/\/gombalampas.com\/en\/wp-json\/wp\/v2\/product_cat?post=3297"},{"taxonomy":"product_tag","embeddable":true,"href":"https:\/\/gombalampas.com\/en\/wp-json\/wp\/v2\/product_tag?post=3297"}],"curies":[{"name":"wp","href":"https:\/\/api.w.org\/{rel}","templated":true}]}}